{"id":761,"date":"2022-05-30T09:19:53","date_gmt":"2022-05-30T07:19:53","guid":{"rendered":"http:\/\/imoveproject.eu\/?page_id=761"},"modified":"2024-10-01T09:40:31","modified_gmt":"2024-10-01T07:40:31","slug":"home-italiano","status":"publish","type":"page","link":"https:\/\/imoveproject.eu\/?page_id=761&lang=it","title":{"rendered":"Home"},"content":{"rendered":"\n<div class=\"wp-block-group\"><div class=\"wp-block-group__inner-container is-layout-flow wp-block-group-is-layout-flow\">\n<div class=\"wp-block-columns is-layout-flex wp-container-core-columns-is-layout-9d6595d7 wp-block-columns-is-layout-flex\">\n<div class=\"wp-block-column is-layout-flow wp-block-column-is-layout-flow\" style=\"flex-basis:100%\">\n<div class=\"wp-block-cover alignfull\" style=\"min-height:600px;aspect-ratio:unset;\"><span aria-hidden=\"true\" class=\"wp-block-cover__background has-nv-site-bg-background-color has-background-dim-100 has-background-dim\"><\/span><div class=\"wp-block-cover__inner-container is-layout-flow wp-block-cover-is-layout-flow\">\n<div class=\"wp-block-group\"><div class=\"wp-block-group__inner-container is-layout-flow wp-block-group-is-layout-flow\">\n<div class=\"wp-block-cover alignfull is-light has-neve-link-color-color has-text-color has-link-color has-large-font-size wp-elements-160ba01624d17695c67d66d3667f01ee\" style=\"min-height:430px;aspect-ratio:unset;\"><span aria-hidden=\"true\" class=\"wp-block-cover__background has-neve-link-hover-color-background-color has-background-dim-10 has-background-dim\"><\/span><div class=\"wp-block-cover__inner-container is-layout-constrained wp-block-cover-is-layout-constrained\">\n<figure class=\"wp-block-gallery alignfull has-nested-images columns-4 is-cropped wp-block-gallery-1 is-layout-flex wp-block-gallery-is-layout-flex\">\n<figure class=\"wp-block-image size-large\"><img loading=\"lazy\" decoding=\"async\" width=\"1024\" height=\"850\" data-id=\"2436\" src=\"https:\/\/imoveproject.eu\/wp-content\/uploads\/2024\/09\/Photo-IMOVE-1682380127143-2-1024x850.png\" alt=\"\" class=\"wp-image-2436\" srcset=\"https:\/\/imoveproject.eu\/wp-content\/uploads\/2024\/09\/Photo-IMOVE-1682380127143-2-1024x850.png 1024w, https:\/\/imoveproject.eu\/wp-content\/uploads\/2024\/09\/Photo-IMOVE-1682380127143-2-300x249.png 300w, https:\/\/imoveproject.eu\/wp-content\/uploads\/2024\/09\/Photo-IMOVE-1682380127143-2-768x637.png 768w, https:\/\/imoveproject.eu\/wp-content\/uploads\/2024\/09\/Photo-IMOVE-1682380127143-2.png 1080w\" sizes=\"auto, (max-width: 1024px) 100vw, 1024px\" \/><\/figure>\n\n\n\n<figure class=\"wp-block-image size-large\"><img loading=\"lazy\" decoding=\"async\" width=\"768\" height=\"1024\" data-id=\"2438\" src=\"https:\/\/imoveproject.eu\/wp-content\/uploads\/2024\/09\/20221013_103246-1-768x1024.jpg\" alt=\"\" class=\"wp-image-2438\" srcset=\"https:\/\/imoveproject.eu\/wp-content\/uploads\/2024\/09\/20221013_103246-1-768x1024.jpg 768w, https:\/\/imoveproject.eu\/wp-content\/uploads\/2024\/09\/20221013_103246-1-225x300.jpg 225w, https:\/\/imoveproject.eu\/wp-content\/uploads\/2024\/09\/20221013_103246-1-1152x1536.jpg 1152w, https:\/\/imoveproject.eu\/wp-content\/uploads\/2024\/09\/20221013_103246-1-1536x2048.jpg 1536w, https:\/\/imoveproject.eu\/wp-content\/uploads\/2024\/09\/20221013_103246-1-scaled.jpg 1920w\" sizes=\"auto, (max-width: 768px) 100vw, 768px\" \/><\/figure>\n\n\n\n<figure class=\"wp-block-image size-large\"><img loading=\"lazy\" decoding=\"async\" width=\"768\" height=\"1024\" data-id=\"2439\" src=\"https:\/\/imoveproject.eu\/wp-content\/uploads\/2024\/09\/20221013_103943-1-768x1024.jpg\" alt=\"\" class=\"wp-image-2439\" srcset=\"https:\/\/imoveproject.eu\/wp-content\/uploads\/2024\/09\/20221013_103943-1-768x1024.jpg 768w, https:\/\/imoveproject.eu\/wp-content\/uploads\/2024\/09\/20221013_103943-1-225x300.jpg 225w, https:\/\/imoveproject.eu\/wp-content\/uploads\/2024\/09\/20221013_103943-1-1152x1536.jpg 1152w, https:\/\/imoveproject.eu\/wp-content\/uploads\/2024\/09\/20221013_103943-1-1536x2048.jpg 1536w, https:\/\/imoveproject.eu\/wp-content\/uploads\/2024\/09\/20221013_103943-1-scaled.jpg 1920w\" sizes=\"auto, (max-width: 768px) 100vw, 768px\" \/><\/figure>\n\n\n\n<figure class=\"wp-block-image size-large\"><img loading=\"lazy\" decoding=\"async\" width=\"1024\" height=\"768\" data-id=\"2452\" src=\"https:\/\/imoveproject.eu\/wp-content\/uploads\/2024\/09\/c-RUINET-5-2-1024x768.jpeg\" alt=\"\" class=\"wp-image-2452\" srcset=\"https:\/\/imoveproject.eu\/wp-content\/uploads\/2024\/09\/c-RUINET-5-2-1024x768.jpeg 1024w, https:\/\/imoveproject.eu\/wp-content\/uploads\/2024\/09\/c-RUINET-5-2-300x225.jpeg 300w, https:\/\/imoveproject.eu\/wp-content\/uploads\/2024\/09\/c-RUINET-5-2-768x576.jpeg 768w, https:\/\/imoveproject.eu\/wp-content\/uploads\/2024\/09\/c-RUINET-5-2-1536x1152.jpeg 1536w, https:\/\/imoveproject.eu\/wp-content\/uploads\/2024\/09\/c-RUINET-5-2-2048x1536.jpeg 2048w\" sizes=\"auto, (max-width: 1024px) 100vw, 1024px\" \/><\/figure>\n<\/figure>\n<\/div><\/div>\n\n\n\n<div style=\"height:81px\" aria-hidden=\"true\" class=\"wp-block-spacer\"><\/div>\n\n\n\n<div class=\"wp-block-columns alignwide are-vertically-aligned-center is-layout-flex wp-container-core-columns-is-layout-9d6595d7 wp-block-columns-is-layout-flex\">\n<div class=\"wp-block-column is-vertically-aligned-center is-layout-flow wp-block-column-is-layout-flow\" style=\"flex-basis:50%\"><div class=\"wp-block-image\">\n<figure class=\"aligncenter size-large is-resized\"><img loading=\"lazy\" decoding=\"async\" width=\"1024\" height=\"1024\" src=\"http:\/\/imoveproject.eu\/wp-content\/uploads\/2022\/05\/logo-IM-V-CMJN-ab-1024x1024.png\" alt=\"\" class=\"wp-image-324\" style=\"width:453px;height:453px\" srcset=\"https:\/\/imoveproject.eu\/wp-content\/uploads\/2022\/05\/logo-IM-V-CMJN-ab-1024x1024.png 1024w, https:\/\/imoveproject.eu\/wp-content\/uploads\/2022\/05\/logo-IM-V-CMJN-ab-300x300.png 300w, https:\/\/imoveproject.eu\/wp-content\/uploads\/2022\/05\/logo-IM-V-CMJN-ab-150x150.png 150w, https:\/\/imoveproject.eu\/wp-content\/uploads\/2022\/05\/logo-IM-V-CMJN-ab-768x768.png 768w, https:\/\/imoveproject.eu\/wp-content\/uploads\/2022\/05\/logo-IM-V-CMJN-ab.png 1181w\" sizes=\"auto, (max-width: 1024px) 100vw, 1024px\" \/><\/figure>\n<\/div><\/div>\n\n\n\n<div class=\"wp-block-column is-vertically-aligned-center is-layout-flow wp-block-column-is-layout-flow\" style=\"flex-basis:50%\">\n<div style=\"height:20px\" aria-hidden=\"true\" class=\"wp-block-spacer\"><\/div>\n\n\n\n<h2 class=\"wp-block-heading has-text-align-left has-neve-link-color-color has-text-color\"><\/h2>\n\n\n\n<div class=\"wp-block-columns is-layout-flex wp-container-core-columns-is-layout-9d6595d7 wp-block-columns-is-layout-flex\">\n<div class=\"wp-block-column is-layout-flow wp-block-column-is-layout-flow\" style=\"flex-basis:100%\">\n<blockquote class=\"wp-block-quote is-style-plain has-neve-link-color-color has-text-color is-layout-flow wp-block-quote-is-layout-flow\" style=\"font-size:25px\">\n<p>Il progetto I MOVE \u00e8 un progetto di cooperazione europea che mira a sviluppare strumenti pratici sui temi della diversit\u00e0, dell&rsquo;accessibilit\u00e0, dell&rsquo;equit\u00e0 e dell&rsquo;inclusione per i professionisti del settore culturale, promuovendo cos\u00ec un&rsquo;evoluzione delle pratiche in questo settore.<\/p>\n<\/blockquote>\n<\/div>\n<\/div>\n<\/div>\n<\/div>\n\n\n\n<div style=\"height:40px\" aria-hidden=\"true\" class=\"wp-block-spacer\"><\/div>\n<\/div><\/div>\n<\/div><\/div>\n<\/div>\n<\/div>\n<\/div><\/div>\n\n\n\n<div class=\"wp-block-cover alignfull\" style=\"min-height:300px;aspect-ratio:unset;\"><span aria-hidden=\"true\" class=\"wp-block-cover__background has-nv-text-dark-bg-background-color has-background-dim-100 has-background-dim\"><\/span><div class=\"wp-block-cover__inner-container is-layout-flow wp-block-cover-is-layout-flow\">\n<h2 class=\"wp-block-heading has-text-align-center has-neve-link-color-color has-text-color has-large-font-size\">Partner del progetto<\/h2>\n\n\n\n<figure class=\"wp-block-gallery aligncenter has-nested-images columns-default wp-block-gallery-2 is-layout-flex wp-block-gallery-is-layout-flex\">\n<figure class=\"wp-block-image size-full\"><img loading=\"lazy\" decoding=\"async\" width=\"855\" height=\"580\" data-id=\"1019\" src=\"http:\/\/imoveproject.eu\/wp-content\/uploads\/2023\/01\/carte-partners-sans-uco.png\" alt=\"\" class=\"wp-image-1019\" srcset=\"https:\/\/imoveproject.eu\/wp-content\/uploads\/2023\/01\/carte-partners-sans-uco.png 855w, https:\/\/imoveproject.eu\/wp-content\/uploads\/2023\/01\/carte-partners-sans-uco-300x204.png 300w, https:\/\/imoveproject.eu\/wp-content\/uploads\/2023\/01\/carte-partners-sans-uco-768x521.png 768w\" sizes=\"auto, (max-width: 855px) 100vw, 855px\" \/><\/figure>\n<\/figure>\n<\/div><\/div>\n\n\n\n<p class=\"has-text-align-left has-neve-link-color-color has-text-color has-medium-font-size\">Il progetto I MOVE \u00e8 sviluppato da 4 partner: Cap Sciences (coordinatore), la rete VSC, i Musei Civici della citt\u00e0 di Reggio Emilia e il centro scientifico Ciencia Viva do Algarve. L&rsquo;UCO (Universit\u00e9 Catholique de l&rsquo;Ouest) \u00e8 stata partner del progetto durante il primo anno, fino ad agosto 2022.<\/p>\n\n\n\n<div class=\"wp-block-cover alignfull\" style=\"min-height:600px;aspect-ratio:unset;\"><span aria-hidden=\"true\" class=\"wp-block-cover__background has-nv-site-bg-background-color has-background-dim-100 has-background-dim\"><\/span><div class=\"wp-block-cover__inner-container is-layout-flow wp-block-cover-is-layout-flow\">\n<div class=\"wp-block-group\"><div class=\"wp-block-group__inner-container is-layout-flow wp-block-group-is-layout-flow\">\n<div style=\"height:80px\" aria-hidden=\"true\" class=\"wp-block-spacer\"><\/div>\n\n\n\n<h2 class=\"wp-block-heading has-text-align-center has-neve-link-color-color has-text-color has-large-font-size\">I Move: un progetto ERASMUS+<\/h2>\n\n\n\n<p class=\"has-text-align-center has-neve-link-color-color has-text-color\" style=\"font-size:23px\">Il progetto I MOVE \u00e8 finanziato dall&rsquo;Unione Europea nell&rsquo;ambito del programma ERASMUS + e si svolger\u00e0 da novembre 2021 ad luglio 2024.<\/p>\n\n\n\n<figure class=\"wp-block-gallery has-nested-images columns-3 wp-block-gallery-3 is-layout-flex wp-block-gallery-is-layout-flex\">\n<figure class=\"wp-block-image size-large\"><img loading=\"lazy\" decoding=\"async\" width=\"1024\" height=\"129\" data-id=\"1024\" src=\"http:\/\/imoveproject.eu\/wp-content\/uploads\/2023\/01\/Bandeau-A4-sans-UCO-1024x129.jpg\" alt=\"\" class=\"wp-image-1024\" srcset=\"https:\/\/imoveproject.eu\/wp-content\/uploads\/2023\/01\/Bandeau-A4-sans-UCO-1024x129.jpg 1024w, https:\/\/imoveproject.eu\/wp-content\/uploads\/2023\/01\/Bandeau-A4-sans-UCO-300x38.jpg 300w, https:\/\/imoveproject.eu\/wp-content\/uploads\/2023\/01\/Bandeau-A4-sans-UCO-768x97.jpg 768w, https:\/\/imoveproject.eu\/wp-content\/uploads\/2023\/01\/Bandeau-A4-sans-UCO.jpg 1299w\" sizes=\"auto, (max-width: 1024px) 100vw, 1024px\" \/><\/figure>\n<\/figure>\n\n\n\n<div class=\"wp-block-columns are-vertically-aligned-center is-layout-flex wp-container-core-columns-is-layout-9d6595d7 wp-block-columns-is-layout-flex\">\n<div class=\"wp-block-column is-vertically-aligned-center is-layout-flow wp-block-column-is-layout-flow\" style=\"flex-basis:50%\"><\/div>\n\n\n\n<div class=\"wp-block-column is-vertically-aligned-center is-layout-flow wp-block-column-is-layout-flow\" style=\"flex-basis:50%\"><\/div>\n<\/div>\n<\/div><\/div>\n<\/div><\/div>\n\n\n\n<p><\/p>\n","protected":false},"excerpt":{"rendered":"<p>Il progetto I MOVE \u00e8 sviluppato da 4 partner: Cap Sciences (coordinatore), la rete VSC, i Musei Civici della citt\u00e0 di Reggio Emilia e il centro scientifico Ciencia Viva do Algarve. L&rsquo;UCO (Universit\u00e9 Catholique de l&rsquo;Ouest) \u00e8 stata partner del progetto durante il primo anno, fino ad agosto 2022.<\/p>\n","protected":false},"author":1,"featured_media":0,"parent":0,"menu_order":0,"comment_status":"closed","ping_status":"closed","template":"","meta":{"neve_meta_sidebar":"","neve_meta_container":"","neve_meta_enable_content_width":"on","neve_meta_content_width":70,"neve_meta_title_alignment":"","neve_meta_author_avatar":"","neve_post_elements_order":"","neve_meta_disable_header":"","neve_meta_disable_footer":"","neve_meta_disable_title":"on","footnotes":""},"class_list":["post-761","page","type-page","status-publish","hentry"],"_links":{"self":[{"href":"https:\/\/imoveproject.eu\/index.php?rest_route=\/wp\/v2\/pages\/761","targetHints":{"allow":["GET"]}}],"collection":[{"href":"https:\/\/imoveproject.eu\/index.php?rest_route=\/wp\/v2\/pages"}],"about":[{"href":"https:\/\/imoveproject.eu\/index.php?rest_route=\/wp\/v2\/types\/page"}],"author":[{"embeddable":true,"href":"https:\/\/imoveproject.eu\/index.php?rest_route=\/wp\/v2\/users\/1"}],"replies":[{"embeddable":true,"href":"https:\/\/imoveproject.eu\/index.php?rest_route=%2Fwp%2Fv2%2Fcomments&post=761"}],"version-history":[{"count":13,"href":"https:\/\/imoveproject.eu\/index.php?rest_route=\/wp\/v2\/pages\/761\/revisions"}],"predecessor-version":[{"id":2483,"href":"https:\/\/imoveproject.eu\/index.php?rest_route=\/wp\/v2\/pages\/761\/revisions\/2483"}],"wp:attachment":[{"href":"https:\/\/imoveproject.eu\/index.php?rest_route=%2Fwp%2Fv2%2Fmedia&parent=761"}],"curies":[{"name":"wp","href":"https:\/\/api.w.org\/{rel}","templated":true}]}}