{"id":764,"date":"2022-05-30T09:49:49","date_gmt":"2022-05-30T07:49:49","guid":{"rendered":"http:\/\/imoveproject.eu\/?page_id=764"},"modified":"2023-01-26T18:19:27","modified_gmt":"2023-01-26T17:19:27","slug":"about-2","status":"publish","type":"page","link":"https:\/\/imoveproject.eu\/?page_id=764&lang=fr","title":{"rendered":"A PROPOS"},"content":{"rendered":"\n<div class=\"wp-block-cover alignfull\" style=\"min-height:800px;aspect-ratio:unset;\"><span aria-hidden=\"true\" class=\"wp-block-cover__background has-nv-light-bg-background-color has-background-dim-100 has-background-dim\"><\/span><div class=\"wp-block-cover__inner-container is-layout-flow wp-block-cover-is-layout-flow\">\n<div class=\"wp-block-group\"><div class=\"wp-block-group__inner-container is-layout-flow wp-block-group-is-layout-flow\">\n<div class=\"wp-block-columns are-vertically-aligned-center is-layout-flex wp-container-core-columns-is-layout-9d6595d7 wp-block-columns-is-layout-flex\">\n<div class=\"wp-block-column is-vertically-aligned-center is-layout-flow wp-block-column-is-layout-flow\"><div class=\"wp-block-image\">\n<figure class=\"alignleft size-large is-resized\"><img loading=\"lazy\" decoding=\"async\" src=\"http:\/\/imoveproject.eu\/wp-content\/uploads\/2022\/05\/logo-IM-V-CMJN-sb-1-1024x742.png\" alt=\"\" class=\"wp-image-695\" width=\"697\" height=\"505\" srcset=\"https:\/\/imoveproject.eu\/wp-content\/uploads\/2022\/05\/logo-IM-V-CMJN-sb-1-1024x742.png 1024w, https:\/\/imoveproject.eu\/wp-content\/uploads\/2022\/05\/logo-IM-V-CMJN-sb-1-300x217.png 300w, https:\/\/imoveproject.eu\/wp-content\/uploads\/2022\/05\/logo-IM-V-CMJN-sb-1-768x557.png 768w, https:\/\/imoveproject.eu\/wp-content\/uploads\/2022\/05\/logo-IM-V-CMJN-sb-1.png 1181w\" sizes=\"auto, (max-width: 697px) 100vw, 697px\" \/><\/figure>\n<\/div><\/div>\n\n\n\n<div class=\"wp-block-column is-vertically-aligned-center is-layout-flow wp-block-column-is-layout-flow\" style=\"flex-basis:50%\">\n<div style=\"height:20px\" aria-hidden=\"true\" class=\"wp-block-spacer\"><\/div>\n\n\n\n<h2 class=\"has-text-align-left has-neve-link-color-color has-text-color has-large-font-size wp-block-heading\">Le Projet<\/h2>\n\n\n\n<p class=\"has-neve-link-color-color has-text-color has-medium-font-size\">Le projet I MOVE est un projet de coop\u00e9ration europ\u00e9enne visant \u00e0 d\u00e9velopper des outils pratiques sur les th\u00e8mes de la Diversit\u00e9, l&rsquo;Accessibilit\u00e9, l&rsquo;Equit\u00e9, l&rsquo;Inclusion pour les professionnels du secteur culturel, favorisant ainsi une \u00e9volution des pratiques dans ce secteur.<\/p>\n\n\n\n<p class=\"has-neve-link-color-color has-text-color has-medium-font-size\">Notre projet se concentrera sur l&rsquo;apprentissage tout au long de la vie pour le personnel des mus\u00e9es, des centres scientifiques et d&rsquo;autres organisations culturelles afin de s&rsquo;adresser aux non-publics, aux non-visiteurs ou \u00e0 toute personne qui pourrait se sentir mal \u00e0 l&rsquo;aise dans une organisation culturelle, en particulier en ce qui concerne les minorit\u00e9s en termes de sexe, d&rsquo;ethnicit\u00e9, de situations de handicaps, de culture, d&rsquo;\u00e2ge, etc.<\/p>\n\n\n\n<div class=\"wp-block-columns is-layout-flex wp-container-core-columns-is-layout-9d6595d7 wp-block-columns-is-layout-flex\">\n<div class=\"wp-block-column is-layout-flow wp-block-column-is-layout-flow\" style=\"flex-basis:100%\">\n<div class=\"wp-block-columns is-layout-flex wp-container-core-columns-is-layout-9d6595d7 wp-block-columns-is-layout-flex\">\n<div class=\"wp-block-column is-layout-flow wp-block-column-is-layout-flow\" style=\"flex-basis:50%\">\n<div class=\"wp-block-columns is-layout-flex wp-container-core-columns-is-layout-9d6595d7 wp-block-columns-is-layout-flex\">\n<div class=\"wp-block-column is-layout-flow wp-block-column-is-layout-flow\" style=\"flex-basis:100%\"><\/div>\n<\/div>\n<\/div>\n<\/div>\n<\/div>\n<\/div>\n<\/div>\n<\/div>\n<\/div><\/div>\n<\/div><\/div>\n\n\n\n<h2 class=\"has-text-align-left has-neve-link-color-color has-nv-site-bg-background-color has-text-color has-background has-large-font-size wp-block-heading\">Les Objectifs<br><\/h2>\n\n\n\n<div class=\"wp-block-cover alignfull\" style=\"min-height:600px;aspect-ratio:unset;\"><span aria-hidden=\"true\" class=\"wp-block-cover__background has-neve-link-hover-color-background-color has-background-dim\"><\/span><div class=\"wp-block-cover__inner-container is-layout-flow wp-block-cover-is-layout-flow\">\n<div class=\"wp-block-group\"><div class=\"wp-block-group__inner-container is-layout-flow wp-block-group-is-layout-flow\">\n<div class=\"wp-block-columns is-layout-flex wp-container-core-columns-is-layout-9d6595d7 wp-block-columns-is-layout-flex\">\n<div class=\"wp-block-column is-layout-flow wp-block-column-is-layout-flow\"><div class=\"wp-block-image\">\n<figure class=\"aligncenter is-resized\"><img loading=\"lazy\" decoding=\"async\" src=\"https:\/\/cdn-icons-png.flaticon.com\/512\/1296\/1296902.png\" alt=\"\" width=\"92\" height=\"92\" title=\"\"\/><\/figure>\n<\/div><\/div>\n\n\n\n<div class=\"wp-block-column is-layout-flow wp-block-column-is-layout-flow\"><div class=\"wp-block-image\">\n<figure class=\"aligncenter size-full is-resized\"><img loading=\"lazy\" decoding=\"async\" src=\"http:\/\/imoveproject.eu\/wp-content\/uploads\/2022\/04\/2936735.png\" alt=\"\" class=\"wp-image-160\" width=\"98\" height=\"98\" srcset=\"https:\/\/imoveproject.eu\/wp-content\/uploads\/2022\/04\/2936735.png 512w, https:\/\/imoveproject.eu\/wp-content\/uploads\/2022\/04\/2936735-300x300.png 300w, https:\/\/imoveproject.eu\/wp-content\/uploads\/2022\/04\/2936735-150x150.png 150w\" sizes=\"auto, (max-width: 98px) 100vw, 98px\" \/><\/figure>\n<\/div><\/div>\n\n\n\n<div class=\"wp-block-column is-layout-flow wp-block-column-is-layout-flow\"><div class=\"wp-block-image\">\n<figure class=\"aligncenter is-resized\"><img loading=\"lazy\" decoding=\"async\" src=\"https:\/\/cdn-icons-png.flaticon.com\/512\/3079\/3079012.png\" alt=\"\" width=\"93\" height=\"93\" title=\"\"\/><\/figure>\n<\/div><\/div>\n<\/div>\n\n\n\n<div class=\"wp-block-columns are-vertically-aligned-top is-layout-flex wp-container-core-columns-is-layout-9d6595d7 wp-block-columns-is-layout-flex\">\n<div class=\"wp-block-column is-vertically-aligned-top is-layout-flow wp-block-column-is-layout-flow\">\n<div class=\"wp-block-columns is-layout-flex wp-container-core-columns-is-layout-9d6595d7 wp-block-columns-is-layout-flex\">\n<div class=\"wp-block-column is-layout-flow wp-block-column-is-layout-flow\" style=\"flex-basis:100%\">\n<p class=\"has-text-align-left has-neve-link-color-color has-text-color has-medium-font-size\">Aider les organisations et le personnel \u00e0 <strong>identifier les questions<\/strong> de Diversit\u00e9, Accessibilit\u00e9, Equit\u00e9 et Inclusion (DAEI) et \u00e0 <strong>d\u00e9finir une m\u00e9thodologie d&rsquo;auto-\u00e9valuation.<\/strong><\/p>\n<\/div>\n<\/div>\n<\/div>\n\n\n\n<div class=\"wp-block-column is-vertically-aligned-top is-layout-flow wp-block-column-is-layout-flow\">\n<div class=\"wp-block-columns is-layout-flex wp-container-core-columns-is-layout-9d6595d7 wp-block-columns-is-layout-flex\">\n<div class=\"wp-block-column is-layout-flow wp-block-column-is-layout-flow\" style=\"flex-basis:100%\">\n<p class=\"has-text-align-left has-neve-link-color-color has-text-color has-medium-font-size\">D\u00e9velopper <strong>des ressources p\u00e9dagogiques<\/strong> pour r\u00e9pondre \u00e0 la question concr\u00e8te et pratique du d\u00e9veloppement du DAEI dans les activit\u00e9s de toute organisation culturelle.n\u00a0<\/p>\n<\/div>\n<\/div>\n\n\n\n<ul class=\"has-neve-link-color-color has-text-color wp-block-list\">\n<li>facilement accessibles et utilisables par tout type d&rsquo;organisation culturelle et tout professionnel de la culture<\/li>\n\n\n\n<li>fournir un effet durable<\/li>\n\n\n\n<li>permettant une solution sur mesure dans chaque contexte sp\u00e9cifique<\/li>\n<\/ul>\n<\/div>\n\n\n\n<div class=\"wp-block-column is-vertically-aligned-top is-layout-flow wp-block-column-is-layout-flow\">\n<div class=\"wp-block-columns is-layout-flex wp-container-core-columns-is-layout-9d6595d7 wp-block-columns-is-layout-flex\">\n<div class=\"wp-block-column is-layout-flow wp-block-column-is-layout-flow\" style=\"flex-basis:100%\">\n<p class=\"has-text-align-left has-neve-link-color-color has-text-color has-medium-font-size\"><strong>Renforcer les comp\u00e9tences des organisations et du personnel <\/strong>en mati\u00e8re de DAEI par une approche centr\u00e9e sur l&rsquo;utilisateur, en faisant correspondre les connaissances acad\u00e9miques et les exp\u00e9riences de terrain.<\/p>\n<\/div>\n<\/div>\n\n\n\n<ul class=\"has-neve-link-color-color has-text-color wp-block-list\">\n<li>en s&rsquo;appuyant sur les moyens de formation<\/li>\n\n\n\n<li>et sur une approche r\u00e9flexive<\/li>\n<\/ul>\n<\/div>\n<\/div>\n<\/div><\/div>\n<\/div><\/div>\n\n\n\n<div class=\"wp-block-cover alignfull\" style=\"min-height:600px;aspect-ratio:unset;\"><span aria-hidden=\"true\" class=\"wp-block-cover__background has-nv-light-bg-background-color has-background-dim-100 has-background-dim\"><\/span><div class=\"wp-block-cover__inner-container is-layout-flow wp-block-cover-is-layout-flow\">\n<div class=\"wp-block-group\"><div class=\"wp-block-group__inner-container is-layout-flow wp-block-group-is-layout-flow\">\n<div class=\"wp-block-columns are-vertically-aligned-center is-layout-flex wp-container-core-columns-is-layout-9d6595d7 wp-block-columns-is-layout-flex\">\n<div class=\"wp-block-column is-vertically-aligned-center is-layout-flow wp-block-column-is-layout-flow\" style=\"flex-basis:50%\">\n<div style=\"height:20px\" aria-hidden=\"true\" class=\"wp-block-spacer\"><\/div>\n\n\n\n<figure class=\"wp-block-image size-large is-resized\"><img loading=\"lazy\" decoding=\"async\" src=\"http:\/\/imoveproject.eu\/wp-content\/uploads\/2022\/05\/IMG_20220406_152444-2-1024x768.jpg\" alt=\"\" class=\"wp-image-727\" width=\"512\" height=\"384\" srcset=\"https:\/\/imoveproject.eu\/wp-content\/uploads\/2022\/05\/IMG_20220406_152444-2-1024x768.jpg 1024w, https:\/\/imoveproject.eu\/wp-content\/uploads\/2022\/05\/IMG_20220406_152444-2-300x225.jpg 300w, https:\/\/imoveproject.eu\/wp-content\/uploads\/2022\/05\/IMG_20220406_152444-2-768x576.jpg 768w, https:\/\/imoveproject.eu\/wp-content\/uploads\/2022\/05\/IMG_20220406_152444-2-1536x1152.jpg 1536w, https:\/\/imoveproject.eu\/wp-content\/uploads\/2022\/05\/IMG_20220406_152444-2-2048x1536.jpg 2048w\" sizes=\"auto, (max-width: 512px) 100vw, 512px\" \/><\/figure>\n<\/div>\n\n\n\n<div class=\"wp-block-column is-vertically-aligned-center is-layout-flow wp-block-column-is-layout-flow\" style=\"flex-basis:50%\">\n<h2 class=\"has-neve-link-color-color has-text-color has-large-font-size wp-block-heading\">Les activit\u00e9s<\/h2>\n\n\n\n<div class=\"wp-block-columns are-vertically-aligned-center is-layout-flex wp-container-core-columns-is-layout-9d6595d7 wp-block-columns-is-layout-flex\">\n<div class=\"wp-block-column is-layout-flow wp-block-column-is-layout-flow\">\n<p class=\"has-neve-link-color-color has-text-color has-medium-font-size\">Le projet IMOVE a \u00e9t\u00e9 con\u00e7u comme un <strong>acc\u00e9l\u00e9rateur <\/strong>pour faire <strong>avancer le changement<\/strong> DAEI au c\u0153ur des activit\u00e9s des membres du consortium, et nous l&rsquo;esp\u00e9rons, des futurs utilisateurs des outils d\u00e9velopp\u00e9s.<\/p>\n\n\n\n<p class=\"has-neve-link-color-color has-text-color has-medium-font-size\">Trois produits principaux seront accessibles en 5 langues europ\u00e9ennes :<\/p>\n\n\n\n<ul class=\"has-neve-link-color-color has-text-color wp-block-list\">\n<li>Un outil d&rsquo;analyse et d&rsquo;auto-\u00e9valuation : Scanner<\/li>\n\n\n\n<li>Un module de formation<\/li>\n\n\n\n<li>Un livret de recommandations : un Livre Blanc<\/li>\n<\/ul>\n<\/div>\n<\/div>\n<\/div>\n<\/div>\n<\/div><\/div>\n<\/div><\/div>\n\n\n\n<div class=\"wp-block-cover alignfull\" style=\"min-height:600px;aspect-ratio:unset;\"><span aria-hidden=\"true\" class=\"wp-block-cover__background has-neve-link-hover-color-background-color has-background-dim-40 has-background-dim\"><\/span><div class=\"wp-block-cover__inner-container is-layout-flow wp-block-cover-is-layout-flow\">\n<div class=\"wp-block-group\"><div class=\"wp-block-group__inner-container is-layout-flow wp-block-group-is-layout-flow\">\n<div class=\"wp-block-columns are-vertically-aligned-center is-layout-flex wp-container-core-columns-is-layout-9d6595d7 wp-block-columns-is-layout-flex\">\n<div class=\"wp-block-column is-vertically-aligned-center is-layout-flow wp-block-column-is-layout-flow\" style=\"flex-basis:50%\">\n<h2 class=\"has-neve-link-color-color has-text-color has-large-font-size wp-block-heading\">Les b\u00e9n\u00e9ficiaires<br><\/h2>\n\n\n\n<div class=\"wp-block-columns are-vertically-aligned-top is-layout-flex wp-container-core-columns-is-layout-9d6595d7 wp-block-columns-is-layout-flex\">\n<div class=\"wp-block-column is-vertically-aligned-top is-layout-flow wp-block-column-is-layout-flow\">\n<p class=\"has-neve-link-color-color has-text-color has-medium-font-size\">Le projet I MOVE est d\u00e9velopp\u00e9 pour :<\/p>\n\n\n\n<ul class=\"has-neve-link-color-color has-text-color wp-block-list\">\n<li>tout le personnel des organisations culturelles (animation &#8211; m\u00e9diation, chefferie de projet, communication, conservation, programmation) et surtout les utilisateurs principaux qui peuvent \u00eatre de puissants ambassadeurs dans leurs r\u00e9seaux professionnels<\/li>\n<\/ul>\n\n\n\n<ul class=\"has-neve-link-color-color has-text-color wp-block-list\">\n<li>les d\u00e9cideurs et les responsables politiques des institutions, des municipalit\u00e9s et des collectivit\u00e9s territoriales<\/li>\n<\/ul>\n\n\n\n<ul class=\"has-neve-link-color-color has-text-color wp-block-list\">\n<li>les r\u00e9seaux professionnels locaux, directions d&rsquo;institutions ou de r\u00e9seaux culturels et scientifiques, agences culturelles locales, services culturels municipaux&#8230;<\/li>\n<\/ul>\n<\/div>\n<\/div>\n<\/div>\n\n\n\n<div class=\"wp-block-column is-vertically-aligned-center is-layout-flow wp-block-column-is-layout-flow\" style=\"flex-basis:50%\"><div class=\"wp-block-image\">\n<figure class=\"aligncenter size-large is-resized\"><img loading=\"lazy\" decoding=\"async\" src=\"http:\/\/imoveproject.eu\/wp-content\/uploads\/2022\/05\/1ereSelROBOTS.HD\u252c\u00aeANAKA-23-3-1024x684.jpg\" alt=\"\" class=\"wp-image-539\" width=\"500\" height=\"334\" srcset=\"https:\/\/imoveproject.eu\/wp-content\/uploads\/2022\/05\/1ereSelROBOTS.HD\u252c\u00aeANAKA-23-3-1024x684.jpg 1024w, https:\/\/imoveproject.eu\/wp-content\/uploads\/2022\/05\/1ereSelROBOTS.HD\u252c\u00aeANAKA-23-3-300x200.jpg 300w, https:\/\/imoveproject.eu\/wp-content\/uploads\/2022\/05\/1ereSelROBOTS.HD\u252c\u00aeANAKA-23-3-768x513.jpg 768w, https:\/\/imoveproject.eu\/wp-content\/uploads\/2022\/05\/1ereSelROBOTS.HD\u252c\u00aeANAKA-23-3-1536x1025.jpg 1536w, https:\/\/imoveproject.eu\/wp-content\/uploads\/2022\/05\/1ereSelROBOTS.HD\u252c\u00aeANAKA-23-3-2048x1367.jpg 2048w, https:\/\/imoveproject.eu\/wp-content\/uploads\/2022\/05\/1ereSelROBOTS.HD\u252c\u00aeANAKA-23-3-930x620.jpg 930w\" sizes=\"auto, (max-width: 500px) 100vw, 500px\" \/><figcaption class=\"wp-element-caption\"><mark style=\"background-color:rgba(0, 0, 0, 0)\" class=\"has-inline-color has-neve-link-color-color\">\u00aeANAKA &#8211; 2019, Exposition ROBOTS, Cap Sciences<\/mark><\/figcaption><\/figure>\n<\/div><\/div>\n<\/div>\n<\/div><\/div>\n<\/div><\/div>\n\n\n\n<p><\/p>\n","protected":false},"excerpt":{"rendered":"<p>Les Objectifs<\/p>\n","protected":false},"author":1,"featured_media":0,"parent":0,"menu_order":0,"comment_status":"closed","ping_status":"closed","template":"","meta":{"neve_meta_sidebar":"","neve_meta_container":"contained","neve_meta_enable_content_width":"on","neve_meta_content_width":100,"neve_meta_title_alignment":"left","neve_meta_author_avatar":"","neve_post_elements_order":"","neve_meta_disable_header":"","neve_meta_disable_footer":"","neve_meta_disable_title":"on","footnotes":""},"class_list":["post-764","page","type-page","status-publish","hentry"],"_links":{"self":[{"href":"https:\/\/imoveproject.eu\/index.php?rest_route=\/wp\/v2\/pages\/764","targetHints":{"allow":["GET"]}}],"collection":[{"href":"https:\/\/imoveproject.eu\/index.php?rest_route=\/wp\/v2\/pages"}],"about":[{"href":"https:\/\/imoveproject.eu\/index.php?rest_route=\/wp\/v2\/types\/page"}],"author":[{"embeddable":true,"href":"https:\/\/imoveproject.eu\/index.php?rest_route=\/wp\/v2\/users\/1"}],"replies":[{"embeddable":true,"href":"https:\/\/imoveproject.eu\/index.php?rest_route=%2Fwp%2Fv2%2Fcomments&post=764"}],"version-history":[{"count":15,"href":"https:\/\/imoveproject.eu\/index.php?rest_route=\/wp\/v2\/pages\/764\/revisions"}],"predecessor-version":[{"id":1136,"href":"https:\/\/imoveproject.eu\/index.php?rest_route=\/wp\/v2\/pages\/764\/revisions\/1136"}],"wp:attachment":[{"href":"https:\/\/imoveproject.eu\/index.php?rest_route=%2Fwp%2Fv2%2Fmedia&parent=764"}],"curies":[{"name":"wp","href":"https:\/\/api.w.org\/{rel}","templated":true}]}}