{"id":766,"date":"2022-05-30T09:49:59","date_gmt":"2022-05-30T07:49:59","guid":{"rendered":"http:\/\/imoveproject.eu\/?page_id=766"},"modified":"2023-02-20T10:12:21","modified_gmt":"2023-02-20T09:12:21","slug":"about-4","status":"publish","type":"page","link":"https:\/\/imoveproject.eu\/?page_id=766&lang=pt","title":{"rendered":"Sobre"},"content":{"rendered":"\n<div class=\"wp-block-cover alignfull\" style=\"min-height:800px;aspect-ratio:unset;\"><span aria-hidden=\"true\" class=\"wp-block-cover__background has-nv-light-bg-background-color has-background-dim-100 has-background-dim\"><\/span><div class=\"wp-block-cover__inner-container is-layout-flow wp-block-cover-is-layout-flow\">\n<div class=\"wp-block-group\"><div class=\"wp-block-group__inner-container is-layout-flow wp-block-group-is-layout-flow\">\n<div class=\"wp-block-columns are-vertically-aligned-center is-layout-flex wp-container-core-columns-is-layout-9d6595d7 wp-block-columns-is-layout-flex\">\n<div class=\"wp-block-column is-vertically-aligned-center is-layout-flow wp-block-column-is-layout-flow\"><div class=\"wp-block-image\">\n<figure class=\"alignleft size-large is-resized\"><img loading=\"lazy\" decoding=\"async\" src=\"http:\/\/imoveproject.eu\/wp-content\/uploads\/2022\/05\/logo-IM-V-CMJN-sb-1-1024x742.png\" alt=\"\" class=\"wp-image-695\" width=\"665\" height=\"482\" srcset=\"https:\/\/imoveproject.eu\/wp-content\/uploads\/2022\/05\/logo-IM-V-CMJN-sb-1-1024x742.png 1024w, https:\/\/imoveproject.eu\/wp-content\/uploads\/2022\/05\/logo-IM-V-CMJN-sb-1-300x217.png 300w, https:\/\/imoveproject.eu\/wp-content\/uploads\/2022\/05\/logo-IM-V-CMJN-sb-1-768x557.png 768w, https:\/\/imoveproject.eu\/wp-content\/uploads\/2022\/05\/logo-IM-V-CMJN-sb-1.png 1181w\" sizes=\"auto, (max-width: 665px) 100vw, 665px\" \/><\/figure>\n<\/div><\/div>\n\n\n\n<div class=\"wp-block-column is-vertically-aligned-center is-layout-flow wp-block-column-is-layout-flow\" style=\"flex-basis:50%\">\n<div style=\"height:20px\" aria-hidden=\"true\" class=\"wp-block-spacer\"><\/div>\n\n\n\n<h2 class=\"has-text-align-left has-neve-link-color-color has-text-color has-large-font-size wp-block-heading\">O projeto<\/h2>\n\n\n\n<p class=\"has-neve-link-color-color has-text-color has-medium-font-size\">O projecto I MOVE \u00e9 um projeto de coopera\u00e7\u00e3o europeia que visa desenvolver ferramentas pr\u00e1ticas sobre os temas da Diversidade, Acessibilidade, Equidade, Inclus\u00e3o para profissionais do setor cultural, promovendo assim uma evolu\u00e7\u00e3o das pr\u00e1ticas neste setor.<\/p>\n\n\n\n<p class=\"has-neve-link-color-color has-text-color has-medium-font-size\">O nosso projeto centrar-se-\u00e1 na capacita\u00e7\u00e3o de pessoal de museus, centros de ci\u00eancia e outras organiza\u00e7\u00f5es culturais para se dirigir a n\u00e3o-p\u00fablicos, n\u00e3o-visitantes ou a qualquer pessoa que se possa sentir desconfort\u00e1vel numa organiza\u00e7\u00e3o cultural, especialmente dirigindo-se \u00e0s minorias em termos de g\u00e9nero, etnia, pessoas com defici\u00eancia, cultura, idade, etc.<\/p>\n\n\n\n<div class=\"wp-block-columns is-layout-flex wp-container-core-columns-is-layout-9d6595d7 wp-block-columns-is-layout-flex\">\n<div class=\"wp-block-column is-layout-flow wp-block-column-is-layout-flow\" style=\"flex-basis:100%\">\n<div class=\"wp-block-columns is-layout-flex wp-container-core-columns-is-layout-9d6595d7 wp-block-columns-is-layout-flex\">\n<div class=\"wp-block-column is-layout-flow wp-block-column-is-layout-flow\" style=\"flex-basis:50%\">\n<div class=\"wp-block-columns is-layout-flex wp-container-core-columns-is-layout-9d6595d7 wp-block-columns-is-layout-flex\">\n<div class=\"wp-block-column is-layout-flow wp-block-column-is-layout-flow\" style=\"flex-basis:100%\"><\/div>\n<\/div>\n<\/div>\n<\/div>\n<\/div>\n<\/div>\n<\/div>\n<\/div>\n<\/div><\/div>\n<\/div><\/div>\n\n\n\n<h2 class=\"has-text-align-left has-neve-link-color-color has-nv-site-bg-background-color has-text-color has-background has-large-font-size wp-block-heading\"><br>Os Objetivos<\/h2>\n\n\n\n<div class=\"wp-block-cover alignfull\" style=\"min-height:600px;aspect-ratio:unset;\"><span aria-hidden=\"true\" class=\"wp-block-cover__background has-neve-link-hover-color-background-color has-background-dim\"><\/span><div class=\"wp-block-cover__inner-container is-layout-flow wp-block-cover-is-layout-flow\">\n<div class=\"wp-block-group\"><div class=\"wp-block-group__inner-container is-layout-flow wp-block-group-is-layout-flow\">\n<div class=\"wp-block-columns is-layout-flex wp-container-core-columns-is-layout-9d6595d7 wp-block-columns-is-layout-flex\">\n<div class=\"wp-block-column is-layout-flow wp-block-column-is-layout-flow\"><div class=\"wp-block-image\">\n<figure class=\"aligncenter is-resized\"><img loading=\"lazy\" decoding=\"async\" src=\"https:\/\/cdn-icons-png.flaticon.com\/512\/1296\/1296902.png\" alt=\"\" width=\"92\" height=\"92\" title=\"\"\/><\/figure>\n<\/div><\/div>\n\n\n\n<div class=\"wp-block-column is-layout-flow wp-block-column-is-layout-flow\"><div class=\"wp-block-image\">\n<figure class=\"aligncenter size-full is-resized\"><img loading=\"lazy\" decoding=\"async\" src=\"http:\/\/imoveproject.eu\/wp-content\/uploads\/2022\/04\/2936735.png\" alt=\"\" class=\"wp-image-160\" width=\"98\" height=\"98\" srcset=\"https:\/\/imoveproject.eu\/wp-content\/uploads\/2022\/04\/2936735.png 512w, https:\/\/imoveproject.eu\/wp-content\/uploads\/2022\/04\/2936735-300x300.png 300w, https:\/\/imoveproject.eu\/wp-content\/uploads\/2022\/04\/2936735-150x150.png 150w\" sizes=\"auto, (max-width: 98px) 100vw, 98px\" \/><\/figure>\n<\/div><\/div>\n\n\n\n<div class=\"wp-block-column is-layout-flow wp-block-column-is-layout-flow\"><div class=\"wp-block-image\">\n<figure class=\"aligncenter is-resized\"><img loading=\"lazy\" decoding=\"async\" src=\"https:\/\/cdn-icons-png.flaticon.com\/512\/3079\/3079012.png\" alt=\"\" width=\"93\" height=\"93\" title=\"\"\/><\/figure>\n<\/div><\/div>\n<\/div>\n\n\n\n<div class=\"wp-block-columns are-vertically-aligned-top is-layout-flex wp-container-core-columns-is-layout-9d6595d7 wp-block-columns-is-layout-flex\">\n<div class=\"wp-block-column is-vertically-aligned-top is-layout-flow wp-block-column-is-layout-flow\">\n<div class=\"wp-block-columns is-layout-flex wp-container-core-columns-is-layout-9d6595d7 wp-block-columns-is-layout-flex\">\n<div class=\"wp-block-column is-layout-flow wp-block-column-is-layout-flow\" style=\"flex-basis:100%\">\n<p class=\"has-text-align-left has-neve-link-color-color has-text-color has-medium-font-size\"><strong>Apoiar as organiza\u00e7\u00f5es e o pessoal a identificar quest\u00f5es DAEI (Diversidade, Acessibilidade, Equidade e Inclus\u00e3o) e ser capaz de definir uma metodologia de auto-avalia\u00e7\u00e3o.<\/strong><\/p>\n<\/div>\n<\/div>\n<\/div>\n\n\n\n<div class=\"wp-block-column is-vertically-aligned-top is-layout-flow wp-block-column-is-layout-flow\">\n<div class=\"wp-block-columns is-layout-flex wp-container-core-columns-is-layout-9d6595d7 wp-block-columns-is-layout-flex\">\n<div class=\"wp-block-column is-layout-flow wp-block-column-is-layout-flow\" style=\"flex-basis:100%\">\n<p class=\"has-text-align-left has-neve-link-color-color has-text-color has-medium-font-size\">Desenvolver recursos educativos para responder \u00e0 quest\u00e3o concreta e pr\u00e1tica do desenvolvimento do DAEI nas atividades de qualquer organiza\u00e7\u00e3o cultural<\/p>\n<\/div>\n<\/div>\n\n\n\n<ul class=\"wp-block-list\">\n<li><strong>facilmente acess\u00edvel e utiliz\u00e1vel por todos os tipos de organiza\u00e7\u00f5es culturais e profissionais culturais<\/strong><\/li>\n\n\n\n<li>proporcionando um efeito sustent\u00e1vel<\/li>\n\n\n\n<li>permitindo uma solu\u00e7\u00e3o \u00e0 medida em cada contexto espec\u00edfico<\/li>\n<\/ul>\n<\/div>\n\n\n\n<div class=\"wp-block-column is-vertically-aligned-top is-layout-flow wp-block-column-is-layout-flow\">\n<div class=\"wp-block-columns is-layout-flex wp-container-core-columns-is-layout-9d6595d7 wp-block-columns-is-layout-flex\">\n<div class=\"wp-block-column is-layout-flow wp-block-column-is-layout-flow\" style=\"flex-basis:100%\">\n<p class=\"has-text-align-left has-neve-link-color-color has-text-color has-medium-font-size\">Atualizar as organiza\u00e7\u00f5es e a sua equipa em mat\u00e9ria de DAEI atrav\u00e9s de uma abordagem centrada no\/a utilizador\/a, combinando conhecimentos acad\u00e9micos e experi\u00eancias de campo<\/p>\n<\/div>\n<\/div>\n\n\n\n<ul class=\"wp-block-list\">\n<li>contando com apoios para forma\u00e7\u00e3o<\/li>\n\n\n\n<li>e sobre uma abordagem reflexiva<\/li>\n<\/ul>\n<\/div>\n<\/div>\n<\/div><\/div>\n<\/div><\/div>\n\n\n\n<div class=\"wp-block-cover alignfull\" style=\"min-height:600px;aspect-ratio:unset;\"><span aria-hidden=\"true\" class=\"wp-block-cover__background has-nv-light-bg-background-color has-background-dim-100 has-background-dim\"><\/span><div class=\"wp-block-cover__inner-container is-layout-flow wp-block-cover-is-layout-flow\">\n<div class=\"wp-block-group\"><div class=\"wp-block-group__inner-container is-layout-flow wp-block-group-is-layout-flow\">\n<div class=\"wp-block-columns are-vertically-aligned-center is-layout-flex wp-container-core-columns-is-layout-9d6595d7 wp-block-columns-is-layout-flex\">\n<div class=\"wp-block-column is-vertically-aligned-center is-layout-flow wp-block-column-is-layout-flow\" style=\"flex-basis:50%\">\n<div style=\"height:20px\" aria-hidden=\"true\" class=\"wp-block-spacer\"><\/div>\n\n\n\n<figure class=\"wp-block-image size-large is-resized\"><img loading=\"lazy\" decoding=\"async\" src=\"http:\/\/imoveproject.eu\/wp-content\/uploads\/2022\/05\/IMG_20220406_152444-2-1024x768.jpg\" alt=\"\" class=\"wp-image-727\" width=\"512\" height=\"384\" srcset=\"https:\/\/imoveproject.eu\/wp-content\/uploads\/2022\/05\/IMG_20220406_152444-2-1024x768.jpg 1024w, https:\/\/imoveproject.eu\/wp-content\/uploads\/2022\/05\/IMG_20220406_152444-2-300x225.jpg 300w, https:\/\/imoveproject.eu\/wp-content\/uploads\/2022\/05\/IMG_20220406_152444-2-768x576.jpg 768w, https:\/\/imoveproject.eu\/wp-content\/uploads\/2022\/05\/IMG_20220406_152444-2-1536x1152.jpg 1536w, https:\/\/imoveproject.eu\/wp-content\/uploads\/2022\/05\/IMG_20220406_152444-2-2048x1536.jpg 2048w\" sizes=\"auto, (max-width: 512px) 100vw, 512px\" \/><\/figure>\n<\/div>\n\n\n\n<div class=\"wp-block-column is-vertically-aligned-center is-layout-flow wp-block-column-is-layout-flow\" style=\"flex-basis:50%\">\n<h2 class=\"has-neve-link-color-color has-text-color has-large-font-size wp-block-heading\">As atividades<\/h2>\n\n\n\n<div class=\"wp-block-columns are-vertically-aligned-center is-layout-flex wp-container-core-columns-is-layout-9d6595d7 wp-block-columns-is-layout-flex\">\n<div class=\"wp-block-column is-layout-flow wp-block-column-is-layout-flow\">\n<p class=\"has-neve-link-color-color has-text-color has-medium-font-size\">O projeto IMOVE foi planeado para impulsionar a \u00a0mudan\u00e7a na DAEI nas atividades das institui\u00e7\u00f5es parceiras do cons\u00f3rcio, e esperamos, dos futuros utilizadores das ferramentas desenvolvidas.<\/p>\n\n\n\n<p class=\"has-neve-link-color-color has-text-color has-medium-font-size\">Tr\u00eas resultados principais ser\u00e3o acess\u00edveis em 5 l\u00ednguas europeias :<\/p>\n\n\n\n<ul class=\"has-neve-link-color-color has-text-color wp-block-list\">\n<li>Uma ferramenta de an\u00e1lise e auto-avalia\u00e7\u00e3o:\u00a0 Scan Tool<\/li>\n\n\n\n<li>Um m\u00f3dulo de forma\u00e7\u00e3o<\/li>\n\n\n\n<li>Um livreto de recomenda\u00e7\u00f5es : um Livro Branco<\/li>\n<\/ul>\n<\/div>\n<\/div>\n<\/div>\n<\/div>\n<\/div><\/div>\n<\/div><\/div>\n\n\n\n<div class=\"wp-block-cover alignfull\" style=\"min-height:600px;aspect-ratio:unset;\"><span aria-hidden=\"true\" class=\"wp-block-cover__background has-neve-link-hover-color-background-color has-background-dim-40 has-background-dim\"><\/span><div class=\"wp-block-cover__inner-container is-layout-flow wp-block-cover-is-layout-flow\">\n<div class=\"wp-block-group\"><div class=\"wp-block-group__inner-container is-layout-flow wp-block-group-is-layout-flow\">\n<div class=\"wp-block-columns are-vertically-aligned-center is-layout-flex wp-container-core-columns-is-layout-9d6595d7 wp-block-columns-is-layout-flex\">\n<div class=\"wp-block-column is-vertically-aligned-center is-layout-flow wp-block-column-is-layout-flow\" style=\"flex-basis:50%\">\n<h2 class=\"has-neve-link-color-color has-text-color has-large-font-size wp-block-heading\"><br>Os benefici\u00e1rios<\/h2>\n\n\n\n<div class=\"wp-block-columns are-vertically-aligned-top is-layout-flex wp-container-core-columns-is-layout-9d6595d7 wp-block-columns-is-layout-flex\">\n<div class=\"wp-block-column is-vertically-aligned-top is-layout-flow wp-block-column-is-layout-flow\">\n<p class=\"has-neve-link-color-color has-text-color has-medium-font-size\">O Projeto I MOVE \u00e9 desenvolvido para :<\/p>\n\n\n\n<ul class=\"wp-block-list\">\n<li><strong>Todas as equipas de organiza\u00e7\u00f5es culturais, (facilitadores\/as, educadores\/as, gestores\/as de projetos, comunicadores\/as, curadores\/as, programadores\/as) e especialmente os\/as utilizadores\/as principais que podem ser embaixadores poderosos nas suas redes profissionais<\/strong><\/li>\n<\/ul>\n\n\n\n<ul class=\"wp-block-list\">\n<li><strong>Decisores\/as e pol\u00edticos de institui\u00e7\u00f5es, munic\u00edpios, coletividades territoriais<\/strong><\/li>\n<\/ul>\n\n\n\n<ul class=\"wp-block-list\">\n<li>redes profissionais locais, dirigentes de institui\u00e7\u00f5es ou ag\u00eancias culturais e cient\u00edficas, redes de stakeholders, ag\u00eancias culturais locais, departamentos culturais municipais<\/li>\n<\/ul>\n<\/div>\n<\/div>\n<\/div>\n\n\n\n<div class=\"wp-block-column is-vertically-aligned-center is-layout-flow wp-block-column-is-layout-flow\" style=\"flex-basis:50%\"><div class=\"wp-block-image\">\n<figure class=\"aligncenter size-large is-resized\"><img loading=\"lazy\" decoding=\"async\" src=\"http:\/\/imoveproject.eu\/wp-content\/uploads\/2022\/05\/1ereSelROBOTS.HD\u252c\u00aeANAKA-23-3-1024x684.jpg\" alt=\"\" class=\"wp-image-539\" width=\"500\" height=\"334\" srcset=\"https:\/\/imoveproject.eu\/wp-content\/uploads\/2022\/05\/1ereSelROBOTS.HD\u252c\u00aeANAKA-23-3-1024x684.jpg 1024w, https:\/\/imoveproject.eu\/wp-content\/uploads\/2022\/05\/1ereSelROBOTS.HD\u252c\u00aeANAKA-23-3-300x200.jpg 300w, https:\/\/imoveproject.eu\/wp-content\/uploads\/2022\/05\/1ereSelROBOTS.HD\u252c\u00aeANAKA-23-3-768x513.jpg 768w, https:\/\/imoveproject.eu\/wp-content\/uploads\/2022\/05\/1ereSelROBOTS.HD\u252c\u00aeANAKA-23-3-1536x1025.jpg 1536w, https:\/\/imoveproject.eu\/wp-content\/uploads\/2022\/05\/1ereSelROBOTS.HD\u252c\u00aeANAKA-23-3-2048x1367.jpg 2048w, https:\/\/imoveproject.eu\/wp-content\/uploads\/2022\/05\/1ereSelROBOTS.HD\u252c\u00aeANAKA-23-3-930x620.jpg 930w\" sizes=\"auto, (max-width: 500px) 100vw, 500px\" \/><figcaption class=\"wp-element-caption\"><mark style=\"background-color:rgba(0, 0, 0, 0)\" class=\"has-inline-color has-neve-link-color-color\">\u00aeANAKA &#8211; 2019, Exposition ROBOTS, Cap Sciences<\/mark><\/figcaption><\/figure>\n<\/div><\/div>\n<\/div>\n<\/div><\/div>\n<\/div><\/div>\n","protected":false},"excerpt":{"rendered":"<p>Os Objetivos<\/p>\n","protected":false},"author":1,"featured_media":0,"parent":0,"menu_order":0,"comment_status":"closed","ping_status":"closed","template":"","meta":{"neve_meta_sidebar":"","neve_meta_container":"contained","neve_meta_enable_content_width":"on","neve_meta_content_width":100,"neve_meta_title_alignment":"left","neve_meta_author_avatar":"","neve_post_elements_order":"","neve_meta_disable_header":"","neve_meta_disable_footer":"","neve_meta_disable_title":"on","footnotes":""},"class_list":["post-766","page","type-page","status-publish","hentry"],"_links":{"self":[{"href":"https:\/\/imoveproject.eu\/index.php?rest_route=\/wp\/v2\/pages\/766","targetHints":{"allow":["GET"]}}],"collection":[{"href":"https:\/\/imoveproject.eu\/index.php?rest_route=\/wp\/v2\/pages"}],"about":[{"href":"https:\/\/imoveproject.eu\/index.php?rest_route=\/wp\/v2\/types\/page"}],"author":[{"embeddable":true,"href":"https:\/\/imoveproject.eu\/index.php?rest_route=\/wp\/v2\/users\/1"}],"replies":[{"embeddable":true,"href":"https:\/\/imoveproject.eu\/index.php?rest_route=%2Fwp%2Fv2%2Fcomments&post=766"}],"version-history":[{"count":9,"href":"https:\/\/imoveproject.eu\/index.php?rest_route=\/wp\/v2\/pages\/766\/revisions"}],"predecessor-version":[{"id":1209,"href":"https:\/\/imoveproject.eu\/index.php?rest_route=\/wp\/v2\/pages\/766\/revisions\/1209"}],"wp:attachment":[{"href":"https:\/\/imoveproject.eu\/index.php?rest_route=%2Fwp%2Fv2%2Fmedia&parent=766"}],"curies":[{"name":"wp","href":"https:\/\/api.w.org\/{rel}","templated":true}]}}