{"id":776,"date":"2022-05-30T09:51:12","date_gmt":"2022-05-30T07:51:12","guid":{"rendered":"http:\/\/imoveproject.eu\/?page_id=776"},"modified":"2024-06-03T18:06:02","modified_gmt":"2024-06-03T16:06:02","slug":"partners-2","status":"publish","type":"page","link":"https:\/\/imoveproject.eu\/?page_id=776&lang=fr","title":{"rendered":"PARTENAIRES"},"content":{"rendered":"\n<p><\/p>\n\n\n\n<p><\/p>\n\n\n\n<p><\/p>\n\n\n\n<p><\/p>\n\n\n\n<div style=\"height:100px\" aria-hidden=\"true\" class=\"wp-block-spacer\"><\/div>\n\n\n\n<p class=\"has-text-align-center has-neve-link-color-color has-text-color\" style=\"font-size:25px\"><strong>I MOVE project is developed thanks to the positive energy of 5 partners&rsquo; organisations<\/strong><\/p>\n\n\n\n<div style=\"height:100px\" aria-hidden=\"true\" class=\"wp-block-spacer\"><\/div>\n\n\n\n<div class=\"wp-block-cover alignfull\" style=\"min-height:496px;aspect-ratio:unset;\"><span aria-hidden=\"true\" class=\"wp-block-cover__background has-nv-light-bg-background-color has-background-dim-100 has-background-dim\"><\/span><div class=\"wp-block-cover__inner-container is-layout-flow wp-block-cover-is-layout-flow\">\n<div class=\"wp-block-group\"><div class=\"wp-block-group__inner-container is-layout-flow wp-block-group-is-layout-flow\">\n<div class=\"wp-block-columns are-vertically-aligned-center is-layout-flex wp-container-core-columns-is-layout-9d6595d7 wp-block-columns-is-layout-flex\">\n<div class=\"wp-block-column is-vertically-aligned-center is-layout-flow wp-block-column-is-layout-flow\" style=\"flex-basis:50%\">\n<div style=\"height:100px\" aria-hidden=\"true\" class=\"wp-block-spacer\"><\/div>\n\n\n\n<p><\/p>\n\n\n\n<h2 class=\"wp-block-heading has-neve-link-color-color has-text-color has-large-font-size\">Cap Sciences, France<\/h2>\n\n\n\n<p class=\"has-text-align-left has-neve-link-color-color has-text-color\">Cap Sciences est un centre de culture scientifique, technique et industrielle fond\u00e9 en 1995 \u00e0 Bordeaux, en Nouvelle-Aquitaine. Depuis plus de 25 ans, Cap Sciences a pour mission de diffuser la culture scientifique et technique  au plus grand nombre, des zones rurales \u00e9loign\u00e9es aux quartiers prioritaires de la politique de la ville. En 2019, un poste sp\u00e9cifique de \u00a0\u00bb responsable inclusion sociale et innovation \u00a0\u00bb a \u00e9t\u00e9 cr\u00e9\u00e9 pour sensibiliser l&rsquo;\u00e9quipe \u00e0 ces sujets.<\/p>\n\n\n\n<div class=\"wp-block-columns is-layout-flex wp-container-core-columns-is-layout-9d6595d7 wp-block-columns-is-layout-flex\">\n<div class=\"wp-block-column is-vertically-aligned-center is-layout-flow wp-block-column-is-layout-flow\" style=\"flex-basis:100%\">\n<p class=\"has-neve-link-color-color has-text-color\"><strong>Coordination g\u00e9n\u00e9rale<\/strong> &#8211; <strong>France <\/strong>: <a href=\"http:\/\/www.cap-sciences.net\">Cap Sciences<\/a> <\/p>\n\n\n\n<ul class=\"has-neve-link-color-color has-text-color wp-block-list\">\n<li>Alexia Sonnois : <a href=\"mailto:a.sonnois@cap-sciences.net\" data-type=\"URL\">a.sonnois@cap-sciences.net<\/a><\/li>\n<\/ul>\n<\/div>\n<\/div>\n<\/div>\n\n\n\n<div class=\"wp-block-column is-vertically-aligned-center is-layout-flow wp-block-column-is-layout-flow\" style=\"flex-basis:50%\">\n<figure class=\"wp-block-image size-large is-resized\"><a href=\"www.cap-sciences.net\"><img loading=\"lazy\" decoding=\"async\" width=\"1024\" height=\"770\" src=\"https:\/\/imoveproject.eu\/wp-content\/uploads\/2022\/05\/cap-sciences-1024x770.jpg\" alt=\"\" class=\"wp-image-249\" style=\"width:581px;height:436px\" srcset=\"https:\/\/imoveproject.eu\/wp-content\/uploads\/2022\/05\/cap-sciences-1024x770.jpg 1024w, https:\/\/imoveproject.eu\/wp-content\/uploads\/2022\/05\/cap-sciences-300x226.jpg 300w, https:\/\/imoveproject.eu\/wp-content\/uploads\/2022\/05\/cap-sciences-768x578.jpg 768w, https:\/\/imoveproject.eu\/wp-content\/uploads\/2022\/05\/cap-sciences-1536x1155.jpg 1536w, https:\/\/imoveproject.eu\/wp-content\/uploads\/2022\/05\/cap-sciences-2048x1540.jpg 2048w\" sizes=\"auto, (max-width: 1024px) 100vw, 1024px\" \/><\/a><\/figure>\n<\/div>\n<\/div>\n<\/div><\/div>\n<\/div><\/div>\n\n\n\n<div class=\"wp-block-cover alignfull\" style=\"min-height:671px;aspect-ratio:unset;\"><span aria-hidden=\"true\" class=\"wp-block-cover__background has-neve-link-hover-color-background-color has-background-dim\"><\/span><div class=\"wp-block-cover__inner-container is-layout-flow wp-block-cover-is-layout-flow\">\n<div class=\"wp-block-columns are-vertically-aligned-center is-layout-flex wp-container-core-columns-is-layout-9d6595d7 wp-block-columns-is-layout-flex\">\n<div class=\"wp-block-column is-vertically-aligned-center is-layout-flow wp-block-column-is-layout-flow\" style=\"flex-basis:50%\"><div class=\"wp-block-image\">\n<figure class=\"aligncenter size-large is-resized\"><img loading=\"lazy\" decoding=\"async\" width=\"1024\" height=\"739\" src=\"https:\/\/imoveproject.eu\/wp-content\/uploads\/2022\/05\/VSC-1-1024x739.jpg\" alt=\"\" class=\"wp-image-267\" style=\"width:581px;height:418px\" srcset=\"https:\/\/imoveproject.eu\/wp-content\/uploads\/2022\/05\/VSC-1-1024x739.jpg 1024w, https:\/\/imoveproject.eu\/wp-content\/uploads\/2022\/05\/VSC-1-300x217.jpg 300w, https:\/\/imoveproject.eu\/wp-content\/uploads\/2022\/05\/VSC-1-768x554.jpg 768w, https:\/\/imoveproject.eu\/wp-content\/uploads\/2022\/05\/VSC-1-1536x1109.jpg 1536w, https:\/\/imoveproject.eu\/wp-content\/uploads\/2022\/05\/VSC-1-2048x1478.jpg 2048w\" sizes=\"auto, (max-width: 1024px) 100vw, 1024px\" \/><\/figure>\n<\/div><\/div>\n\n\n\n<div class=\"wp-block-column is-vertically-aligned-center is-layout-flow wp-block-column-is-layout-flow\" style=\"flex-basis:50%\">\n<div class=\"wp-block-group\"><div class=\"wp-block-group__inner-container is-layout-flow wp-block-group-is-layout-flow\">\n<div class=\"wp-block-group\"><div class=\"wp-block-group__inner-container is-layout-flow wp-block-group-is-layout-flow\">\n<h2 class=\"wp-block-heading has-text-align-left has-neve-link-color-color has-text-color has-large-font-size\"><br>VSC : r\u00e9seau des centres scientifiques n\u00e9erlandais<\/h2>\n<\/div><\/div>\n\n\n\n<p class=\"has-text-align-left has-neve-link-color-color has-text-color\" style=\"font-size:17px\">VSC est un r\u00e9seau n\u00e9erlandais regroupant 40 centres et mus\u00e9es scientifiques qui accueillent ensemble plus de 5 millions de visiteurs par an. VSC a pour objectif de repr\u00e9senter et de mettre en relation toutes les personnes travaillant aux Pays-Bas dans le domaine de la communication scientifique, de contribuer \u00e0 l&rsquo;am\u00e9lioration et \u00e0 la professionnalisation du secteur en partageant les connaissances entre ses membres et en promouvant des projets de coop\u00e9ration. VSC a r\u00e9cemment ax\u00e9 ses activit\u00e9s sur la diversit\u00e9 et l&rsquo;inclusion avec le projet \u00ab\u00a0Samen Inclusief\u00a0\u00bb, qui vise \u00e0 cr\u00e9er des institutions plus inclusives et plus accessibles.<\/p>\n\n\n\n<div class=\"wp-block-group is-vertical is-layout-flex wp-container-core-group-is-layout-8cf370e7 wp-block-group-is-layout-flex\">\n<p class=\"has-neve-link-color-color has-text-color\"><strong>Pays-Bas <\/strong>: <a href=\"http:\/\/www.vsc-netwerk.nl\">VSC &#8211; Vereniging van wetenschapsmusea en scence centers<\/a> <\/p>\n<\/div>\n\n\n\n<ul class=\"has-neve-link-color-color has-text-color wp-block-list\">\n<li>Menno Tummers : <a href=\"mailto:menno@vsc-netwerk.nl\">menno@vsc-netwerk.nl<\/a><\/li>\n<\/ul>\n<\/div><\/div>\n<\/div>\n<\/div>\n<\/div><\/div>\n\n\n\n<div class=\"wp-block-cover alignfull\" style=\"min-height:593px;aspect-ratio:unset;\"><span aria-hidden=\"true\" class=\"wp-block-cover__background has-nv-light-bg-background-color has-background-dim-100 has-background-dim\"><\/span><div class=\"wp-block-cover__inner-container is-layout-flow wp-block-cover-is-layout-flow\">\n<div class=\"wp-block-columns are-vertically-aligned-center is-layout-flex wp-container-core-columns-is-layout-9d6595d7 wp-block-columns-is-layout-flex\">\n<div class=\"wp-block-column is-vertically-aligned-center is-layout-flow wp-block-column-is-layout-flow\" style=\"flex-basis:50%\">\n<p><\/p>\n\n\n\n<h2 class=\"wp-block-heading has-neve-link-color-color has-text-color has-large-font-size\">Centro Ci\u00eancia Viva do Algarve, Portugal<\/h2>\n\n\n\n<p class=\"has-neve-link-color-color has-text-color\">Le mus\u00e9e interactif des sciences de l&rsquo;Algarve est une association priv\u00e9e \u00e0 but non lucratif dont les principales missions sont l&rsquo;\u00e9ducation bas\u00e9e sur la connaissance scientifique et la communication scientifique et technologique. Il promeut des activit\u00e9s visant \u00e0 stimuler l&rsquo;int\u00e9r\u00eat des gens pour la culture scientifique et technologique, en s&rsquo;adressant plus particuli\u00e8rement aux jeunes. Le CCVAlg participe \u00e9galement \u00e0 des projets scientifiques et de communication, produit des expositions temporaires, des foires scientifiques et des caf\u00e9s, ainsi que des activit\u00e9s scientifiques en int\u00e9rieur et en ext\u00e9rieur pour les groupes scolaires. Au cours des cinq derni\u00e8res ann\u00e9es, une attention particuli\u00e8re a \u00e9t\u00e9 accord\u00e9e \u00e0 la diversit\u00e9, \u00e0 l&rsquo;\u00e9quit\u00e9, \u00e0 l&rsquo;inclusion et \u00e0 l&rsquo;accessibilit\u00e9 dans sa mission et ses activit\u00e9s.<\/p>\n\n\n\n<div class=\"wp-block-group is-vertical is-layout-flex wp-container-core-group-is-layout-8cf370e7 wp-block-group-is-layout-flex\">\n<p class=\"has-neve-link-color-color has-text-color\"><strong>Portugal<\/strong> : <a href=\"http:\/\/www.ccvalg.pt\">Centro Ci\u00eancia Viva Do Algarve<\/a><\/p>\n<\/div>\n\n\n\n<ul class=\"has-neve-link-color-color has-text-color wp-block-list\">\n<li>Christina Veiga-Pires : <a href=\"mailto:de@ccvalg.pt\">de@ccvalg.pt<\/a><\/li>\n<\/ul>\n\n\n\n<div style=\"height:20px\" aria-hidden=\"true\" class=\"wp-block-spacer\"><\/div>\n<\/div>\n\n\n\n<div class=\"wp-block-column is-vertically-aligned-center is-layout-flow wp-block-column-is-layout-flow\" style=\"flex-basis:50%\"><div class=\"wp-block-image\">\n<figure class=\"aligncenter size-large is-resized\"><img loading=\"lazy\" decoding=\"async\" width=\"1024\" height=\"771\" src=\"http:\/\/imoveproject.eu\/wp-content\/uploads\/2022\/05\/ciencia-viva-faro-1024x771.jpg\" alt=\"\" class=\"wp-image-369\" style=\"width:539px;height:405px\" srcset=\"https:\/\/imoveproject.eu\/wp-content\/uploads\/2022\/05\/ciencia-viva-faro-1024x771.jpg 1024w, https:\/\/imoveproject.eu\/wp-content\/uploads\/2022\/05\/ciencia-viva-faro-300x226.jpg 300w, https:\/\/imoveproject.eu\/wp-content\/uploads\/2022\/05\/ciencia-viva-faro-768x578.jpg 768w, https:\/\/imoveproject.eu\/wp-content\/uploads\/2022\/05\/ciencia-viva-faro-1536x1156.jpg 1536w, https:\/\/imoveproject.eu\/wp-content\/uploads\/2022\/05\/ciencia-viva-faro-2048x1542.jpg 2048w\" sizes=\"auto, (max-width: 1024px) 100vw, 1024px\" \/><\/figure>\n<\/div><\/div>\n<\/div>\n<\/div><\/div>\n\n\n\n<div class=\"wp-block-cover alignfull\" style=\"min-height:671px;aspect-ratio:unset;\"><span aria-hidden=\"true\" class=\"wp-block-cover__background has-neve-link-hover-color-background-color has-background-dim\"><\/span><div class=\"wp-block-cover__inner-container is-layout-flow wp-block-cover-is-layout-flow\">\n<div class=\"wp-block-group\"><div class=\"wp-block-group__inner-container is-layout-flow wp-block-group-is-layout-flow\">\n<div class=\"wp-block-columns are-vertically-aligned-center is-layout-flex wp-container-core-columns-is-layout-9d6595d7 wp-block-columns-is-layout-flex\">\n<div class=\"wp-block-column is-vertically-aligned-center is-layout-flow wp-block-column-is-layout-flow\" style=\"flex-basis:50%\"><div class=\"wp-block-image\">\n<figure class=\"aligncenter size-large is-resized\"><img loading=\"lazy\" decoding=\"async\" width=\"1024\" height=\"783\" src=\"http:\/\/imoveproject.eu\/wp-content\/uploads\/2022\/05\/Reggio-Emilia-1024x783.jpg\" alt=\"\" class=\"wp-image-371\" style=\"width:571px;height:436px\" srcset=\"https:\/\/imoveproject.eu\/wp-content\/uploads\/2022\/05\/Reggio-Emilia-1024x783.jpg 1024w, https:\/\/imoveproject.eu\/wp-content\/uploads\/2022\/05\/Reggio-Emilia-300x229.jpg 300w, https:\/\/imoveproject.eu\/wp-content\/uploads\/2022\/05\/Reggio-Emilia-768x587.jpg 768w, https:\/\/imoveproject.eu\/wp-content\/uploads\/2022\/05\/Reggio-Emilia-1536x1174.jpg 1536w, https:\/\/imoveproject.eu\/wp-content\/uploads\/2022\/05\/Reggio-Emilia-2048x1566.jpg 2048w\" sizes=\"auto, (max-width: 1024px) 100vw, 1024px\" \/><\/figure>\n<\/div><\/div>\n\n\n\n<div class=\"wp-block-column is-vertically-aligned-center is-layout-flow wp-block-column-is-layout-flow\" style=\"flex-basis:50%\">\n<div style=\"height:20px\" aria-hidden=\"true\" class=\"wp-block-spacer\"><\/div>\n\n\n\n<h2 class=\"wp-block-heading has-text-align-left has-neve-link-color-color has-text-color has-large-font-size\">R\u00e9seau des Mus\u00e9es Civiques &#8211; Municipalit\u00e9 de Reggio Emilia, Italie<\/h2>\n\n\n\n<div class=\"wp-block-group is-vertical is-layout-flex wp-container-core-group-is-layout-8cf370e7 wp-block-group-is-layout-flex\">\n<p class=\"has-text-align-left has-neve-link-color-color has-text-color\" style=\"font-size:17px\">Le r\u00e9seau des mus\u00e9es civiques de la ville de Reggio Emilia regroupe les mus\u00e9es, monuments et centres d&rsquo;exposition de la ville.  Reggio Emilia est une ville de taille moyenne situ\u00e9e dans la r\u00e9gion d&rsquo;\u00c9milie-Romagne. Les mus\u00e9es civiques ont \u00e9t\u00e9 impliqu\u00e9s par l&rsquo;administration locale dans plusieurs projets sur l&rsquo;inclusion sociale et repr\u00e9sentent les valeurs de Reggio Emilia, une \u00ab\u00a0ville de personnes\u00a0\u00bb qui consid\u00e8re la diversit\u00e9 comme une ressource \u00e9ducative, \u00e9conomique, sociale et culturelle pour ses citoyens et se concentre sur la centralit\u00e9 de la personne humaine et donc des principes d&rsquo;\u00e9galit\u00e9, de non-discrimination, d&rsquo;\u00e9galit\u00e9 des chances et d&rsquo;inclusion pour tous.<br><br> <strong>Italie<\/strong> : <a href=\"http:\/\/www.musei.re.it\"> Comune di Reggio Emilia<\/a><\/p>\n\n\n\n<p class=\"has-text-align-left has-neve-link-color-color has-text-color\" style=\"font-size:17px\"><\/p>\n<\/div>\n\n\n\n<ul style=\"font-size:17px\" class=\"has-neve-link-color-color has-text-color wp-block-list\">\n<li>Georgia Cantoni : <a href=\"mailto:georgia.cantoni@comune.re.it\">georgia.cantoni@comune.re.it<\/a><\/li>\n<\/ul>\n<\/div>\n<\/div>\n<\/div><\/div>\n<\/div><\/div>\n\n\n\n<div class=\"wp-block-cover alignfull is-light\" style=\"min-height:641px;aspect-ratio:unset;\"><span aria-hidden=\"true\" class=\"wp-block-cover__background has-background-dim-100 has-background-dim\" style=\"background-color:#dcdcdc\"><\/span><div class=\"wp-block-cover__inner-container is-layout-flow wp-block-cover-is-layout-flow\">\n<div class=\"wp-block-group\"><div class=\"wp-block-group__inner-container is-layout-flow wp-block-group-is-layout-flow\">\n<div class=\"wp-block-columns are-vertically-aligned-center is-layout-flex wp-container-core-columns-is-layout-9d6595d7 wp-block-columns-is-layout-flex\">\n<div class=\"wp-block-column is-vertically-aligned-center is-layout-flow wp-block-column-is-layout-flow\" style=\"flex-basis:50%\">\n<p><\/p>\n\n\n\n<h2 class=\"wp-block-heading has-neve-text-color-color has-text-color has-large-font-size\">Universit\u00e9 Catholique de l&rsquo;Ouest, France<\/h2>\n\n\n\n<p class=\"has-neve-text-color-color has-text-color\">Fond\u00e9e en 1875, l&rsquo;Universit\u00e9 Catholique de l&rsquo;Ouest est aujourd&rsquo;hui un acteur incontournable de l&rsquo;enseignement sup\u00e9rieur et de la recherche. L&rsquo;UCO a \u00e9t\u00e9 impliqu\u00e9e dans ce projet par l&rsquo;interm\u00e9diaire de chercheurs des unit\u00e9s de recherche LIRFE (Laboratoire interdisciplinaire de recherche sur les enjeux de la vie dans la formation et l&rsquo;\u00e9ducation) et CHUS (Centre de recherche sur les humanit\u00e9s et les soci\u00e9t\u00e9s), sp\u00e9cialis\u00e9s dans la m\u00e9diation, la transmission et les usages dans le secteur culturel. L&rsquo;\u00e9quipe de recherche utilise une approche communicationnelle et sociologique des dispositifs, des processus et des publics, et d\u00e9ploie \u00e9galement des outils empiriques sp\u00e9cifiques adapt\u00e9s aux questions culturelles : enqu\u00eates quantitatives, entretiens, observation, analyse socio-s\u00e9miotique.<\/p>\n\n\n\n<p><\/p>\n\n\n\n<p class=\"has-neve-text-color-color has-text-color\"><strong>France <\/strong>: <a href=\"https:\/\/recherche.uco.fr\/equipe\/lirfe\">Laboratoire de recherche du LIRFE <\/a><\/p>\n\n\n\n<p class=\"has-neve-text-color-color has-text-color\"><strong>L&rsquo;UCO a \u00e9t\u00e9 partenaire du projet pendant la premi\u00e8re ann\u00e9e, jusqu&rsquo;en ao\u00fbt 2022.<\/strong><\/p>\n<\/div>\n\n\n\n<div class=\"wp-block-column is-vertically-aligned-center is-layout-flow wp-block-column-is-layout-flow\" style=\"flex-basis:50%\"><div class=\"wp-block-image\">\n<figure class=\"aligncenter size-large is-resized\"><img loading=\"lazy\" decoding=\"async\" width=\"1024\" height=\"765\" src=\"http:\/\/imoveproject.eu\/wp-content\/uploads\/2022\/05\/uco-1024x765.jpg\" alt=\"\" class=\"wp-image-372\" style=\"width:526px;height:392px\" srcset=\"https:\/\/imoveproject.eu\/wp-content\/uploads\/2022\/05\/uco-1024x765.jpg 1024w, https:\/\/imoveproject.eu\/wp-content\/uploads\/2022\/05\/uco-300x224.jpg 300w, https:\/\/imoveproject.eu\/wp-content\/uploads\/2022\/05\/uco-768x574.jpg 768w, https:\/\/imoveproject.eu\/wp-content\/uploads\/2022\/05\/uco-1536x1148.jpg 1536w, https:\/\/imoveproject.eu\/wp-content\/uploads\/2022\/05\/uco-2048x1530.jpg 2048w\" sizes=\"auto, (max-width: 1024px) 100vw, 1024px\" \/><figcaption class=\"wp-element-caption\">dav<\/figcaption><\/figure>\n<\/div><\/div>\n<\/div>\n<\/div><\/div>\n<\/div><\/div>\n","protected":false},"excerpt":{"rendered":"<p>I MOVE project is developed thanks to the positive energy of 5 partners&rsquo; organisations<\/p>\n","protected":false},"author":1,"featured_media":0,"parent":0,"menu_order":0,"comment_status":"closed","ping_status":"closed","template":"","meta":{"neve_meta_sidebar":"","neve_meta_container":"contained","neve_meta_enable_content_width":"on","neve_meta_content_width":91,"neve_meta_title_alignment":"","neve_meta_author_avatar":"","neve_post_elements_order":"","neve_meta_disable_header":"","neve_meta_disable_footer":"","neve_meta_disable_title":"on","footnotes":""},"class_list":["post-776","page","type-page","status-publish","hentry"],"_links":{"self":[{"href":"https:\/\/imoveproject.eu\/index.php?rest_route=\/wp\/v2\/pages\/776","targetHints":{"allow":["GET"]}}],"collection":[{"href":"https:\/\/imoveproject.eu\/index.php?rest_route=\/wp\/v2\/pages"}],"about":[{"href":"https:\/\/imoveproject.eu\/index.php?rest_route=\/wp\/v2\/types\/page"}],"author":[{"embeddable":true,"href":"https:\/\/imoveproject.eu\/index.php?rest_route=\/wp\/v2\/users\/1"}],"replies":[{"embeddable":true,"href":"https:\/\/imoveproject.eu\/index.php?rest_route=%2Fwp%2Fv2%2Fcomments&post=776"}],"version-history":[{"count":20,"href":"https:\/\/imoveproject.eu\/index.php?rest_route=\/wp\/v2\/pages\/776\/revisions"}],"predecessor-version":[{"id":1757,"href":"https:\/\/imoveproject.eu\/index.php?rest_route=\/wp\/v2\/pages\/776\/revisions\/1757"}],"wp:attachment":[{"href":"https:\/\/imoveproject.eu\/index.php?rest_route=%2Fwp%2Fv2%2Fmedia&parent=776"}],"curies":[{"name":"wp","href":"https:\/\/api.w.org\/{rel}","templated":true}]}}