{"id":778,"date":"2022-05-30T09:51:20","date_gmt":"2022-05-30T07:51:20","guid":{"rendered":"http:\/\/imoveproject.eu\/?page_id=778"},"modified":"2024-03-18T12:49:01","modified_gmt":"2024-03-18T11:49:01","slug":"partners-4","status":"publish","type":"page","link":"https:\/\/imoveproject.eu\/?page_id=778&lang=pt","title":{"rendered":"Parcerias"},"content":{"rendered":"\n<p><\/p>\n\n\n\n<p><\/p>\n\n\n\n<p><\/p>\n\n\n\n<p><\/p>\n\n\n\n<div style=\"height:100px\" aria-hidden=\"true\" class=\"wp-block-spacer\"><\/div>\n\n\n\n<p class=\"has-text-align-center has-neve-link-color-color has-text-color\" style=\"font-size:25px\"><strong>I MOVE \u00e9 um projeto desenvolvido gra\u00e7as \u00e0 energia positiva de 4 organiza\u00e7\u00f5es parceiras<\/strong><\/p>\n\n\n\n<div style=\"height:100px\" aria-hidden=\"true\" class=\"wp-block-spacer\"><\/div>\n\n\n\n<div class=\"wp-block-cover alignfull\" style=\"min-height:496px;aspect-ratio:unset;\"><span aria-hidden=\"true\" class=\"wp-block-cover__background has-nv-light-bg-background-color has-background-dim-100 has-background-dim\"><\/span><div class=\"wp-block-cover__inner-container is-layout-flow wp-block-cover-is-layout-flow\">\n<div class=\"wp-block-group\"><div class=\"wp-block-group__inner-container is-layout-flow wp-block-group-is-layout-flow\">\n<div class=\"wp-block-columns are-vertically-aligned-center is-layout-flex wp-container-core-columns-is-layout-9d6595d7 wp-block-columns-is-layout-flex\">\n<div class=\"wp-block-column is-vertically-aligned-center is-layout-flow wp-block-column-is-layout-flow\" style=\"flex-basis:50%\">\n<div style=\"height:100px\" aria-hidden=\"true\" class=\"wp-block-spacer\"><\/div>\n\n\n\n<p><\/p>\n\n\n\n<h2 class=\"wp-block-heading has-neve-link-color-color has-text-color has-large-font-size\">Cap Sciences, France<\/h2>\n\n\n\n<p class=\"has-text-align-left has-neve-link-color-color has-text-color\">Cap Sciences \u00e9 um centro de cultura cient\u00edfica, t\u00e9cnica e industrial fundado em 1995 em Bordeaux, na regi\u00e3o de Nouvelle-Aquitaine. H\u00e1 mais de 25 anos que a miss\u00e3o da Cap Sciences tem sido disseminar ci\u00eancia, tecnologia e cultura de inova\u00e7\u00e3o ao maior n\u00famero de pessoas poss\u00edvel, desde \u00e1reas rurais distantes a distritos urbanos desfavorecidos. Em 2019, foi criada uma posi\u00e7\u00e3o espec\u00edfica de \u00ab\u00a0L\u00edder de Inclus\u00e3o Social e Inova\u00e7\u00e3o\u00a0\u00bb para sensibilizar a equipa para estes temas.<\/p>\n\n\n\n<div class=\"wp-block-columns is-layout-flex wp-container-core-columns-is-layout-9d6595d7 wp-block-columns-is-layout-flex\">\n<div class=\"wp-block-column is-vertically-aligned-center is-layout-flow wp-block-column-is-layout-flow\" style=\"flex-basis:100%\">\n<p class=\"has-neve-link-color-color has-text-color\"><strong>France &#8211; General Coordination<\/strong> : <a href=\"http:\/\/www.cap-sciences.net\">Cap Sciences<\/a> <\/p>\n\n\n\n<ul class=\"has-neve-link-color-color has-text-color wp-block-list\">\n<li>Alexia Sonnois : <a href=\"mailto:a.sonnois@cap-sciences.net\" data-type=\"URL\">a.sonnois@cap-sciences.net<\/a><\/li>\n\n\n\n<li>No\u00e9mie Escortell : <a rel=\"noreferrer noopener\" href=\"mailto:n.escortell@cap-sciences.net\" target=\"_blank\">n.escortell@cap-sciences.net<\/a> <\/li>\n<\/ul>\n<\/div>\n<\/div>\n<\/div>\n\n\n\n<div class=\"wp-block-column is-vertically-aligned-center is-layout-flow wp-block-column-is-layout-flow\" style=\"flex-basis:50%\">\n<figure class=\"wp-block-image size-large is-resized\"><a href=\"www.cap-sciences.net\"><img loading=\"lazy\" decoding=\"async\" width=\"1024\" height=\"770\" src=\"https:\/\/imoveproject.eu\/wp-content\/uploads\/2022\/05\/cap-sciences-1024x770.jpg\" alt=\"\" class=\"wp-image-249\" style=\"width:581px;height:436px\" srcset=\"https:\/\/imoveproject.eu\/wp-content\/uploads\/2022\/05\/cap-sciences-1024x770.jpg 1024w, https:\/\/imoveproject.eu\/wp-content\/uploads\/2022\/05\/cap-sciences-300x226.jpg 300w, https:\/\/imoveproject.eu\/wp-content\/uploads\/2022\/05\/cap-sciences-768x578.jpg 768w, https:\/\/imoveproject.eu\/wp-content\/uploads\/2022\/05\/cap-sciences-1536x1155.jpg 1536w, https:\/\/imoveproject.eu\/wp-content\/uploads\/2022\/05\/cap-sciences-2048x1540.jpg 2048w\" sizes=\"auto, (max-width: 1024px) 100vw, 1024px\" \/><\/a><\/figure>\n<\/div>\n<\/div>\n<\/div><\/div>\n<\/div><\/div>\n\n\n\n<div class=\"wp-block-cover alignfull\" style=\"min-height:671px;aspect-ratio:unset;\"><span aria-hidden=\"true\" class=\"wp-block-cover__background has-neve-link-hover-color-background-color has-background-dim\"><\/span><div class=\"wp-block-cover__inner-container is-layout-flow wp-block-cover-is-layout-flow\">\n<div class=\"wp-block-columns are-vertically-aligned-center is-layout-flex wp-container-core-columns-is-layout-9d6595d7 wp-block-columns-is-layout-flex\">\n<div class=\"wp-block-column is-vertically-aligned-center is-layout-flow wp-block-column-is-layout-flow\" style=\"flex-basis:50%\"><div class=\"wp-block-image\">\n<figure class=\"aligncenter size-large is-resized\"><img loading=\"lazy\" decoding=\"async\" width=\"832\" height=\"1024\" src=\"http:\/\/imoveproject.eu\/wp-content\/uploads\/2023\/01\/VSC-team-832x1024.jpg\" alt=\"\" class=\"wp-image-1032\" style=\"width:437px;height:537px\" srcset=\"https:\/\/imoveproject.eu\/wp-content\/uploads\/2023\/01\/VSC-team-832x1024.jpg 832w, https:\/\/imoveproject.eu\/wp-content\/uploads\/2023\/01\/VSC-team-244x300.jpg 244w, https:\/\/imoveproject.eu\/wp-content\/uploads\/2023\/01\/VSC-team-768x945.jpg 768w, https:\/\/imoveproject.eu\/wp-content\/uploads\/2023\/01\/VSC-team-1248x1536.jpg 1248w, https:\/\/imoveproject.eu\/wp-content\/uploads\/2023\/01\/VSC-team-1664x2048.jpg 1664w\" sizes=\"auto, (max-width: 832px) 100vw, 832px\" \/><\/figure>\n<\/div><\/div>\n\n\n\n<div class=\"wp-block-column is-vertically-aligned-center is-layout-flow wp-block-column-is-layout-flow\" style=\"flex-basis:50%\">\n<div class=\"wp-block-group\"><div class=\"wp-block-group__inner-container is-layout-flow wp-block-group-is-layout-flow\">\n<div class=\"wp-block-group\"><div class=\"wp-block-group__inner-container is-layout-flow wp-block-group-is-layout-flow\">\n<h2 class=\"wp-block-heading has-text-align-left has-neve-link-color-color has-text-color has-large-font-size\"><br>VSC network : Netherlands sciences centers network<\/h2>\n<\/div><\/div>\n\n\n\n<p class=\"has-text-align-left has-neve-link-color-color has-text-color\" style=\"font-size:17px\">VSC \u00e9 uma rede holandesa que re\u00fane 40 centros de ci\u00eancia e museus de ci\u00eancia que, em conjunto, contam mais de 5 milh\u00f5es de visitantes por ano. O VSC pretende representar e ligar todas as pessoas que trabalham na Holanda no campo da comunica\u00e7\u00e3o cient\u00edfica, contribuindo para a melhoria e profissionaliza\u00e7\u00e3o desta \u00e1rea atrav\u00e9s da partilha de conhecimentos entre os seus membros, e promovendo projetos de coopera\u00e7\u00e3o. Recentemente, o VSC centrou as suas atividades na diversidade e inclus\u00e3o com o projeto \u00ab\u00a0Samen Inclusief\u00a0\u00bb, destinado a construir institui\u00e7\u00f5es mais inclusivas e acess\u00edveis.<\/p>\n\n\n\n<div class=\"wp-block-group is-vertical is-layout-flex wp-container-core-group-is-layout-8cf370e7 wp-block-group-is-layout-flex\">\n<p class=\"has-neve-link-color-color has-text-color\"><strong>Netherlands<\/strong> : <a href=\"http:\/\/www.vsc-netwerk.nl\">VSC &#8211; Vereniging van wetenschapsmusea en scence centers<\/a> <\/p>\n<\/div>\n\n\n\n<ul class=\"has-neve-link-color-color has-text-color wp-block-list\">\n<li>Menno Tummers : <a href=\"mailto:sanne@vsc-netwerk.nl\" target=\"_blank\" rel=\"noreferrer noopener\"><\/a><a href=\"mailto:menno@vsc-netwerk.nl\">menno@vsc-netwerk.nl<\/a> <\/li>\n<\/ul>\n<\/div><\/div>\n<\/div>\n<\/div>\n<\/div><\/div>\n\n\n\n<div class=\"wp-block-cover alignfull\" style=\"min-height:593px;aspect-ratio:unset;\"><span aria-hidden=\"true\" class=\"wp-block-cover__background has-nv-light-bg-background-color has-background-dim-100 has-background-dim\"><\/span><div class=\"wp-block-cover__inner-container is-layout-flow wp-block-cover-is-layout-flow\">\n<div class=\"wp-block-columns are-vertically-aligned-center is-layout-flex wp-container-core-columns-is-layout-9d6595d7 wp-block-columns-is-layout-flex\">\n<div class=\"wp-block-column is-vertically-aligned-center is-layout-flow wp-block-column-is-layout-flow\" style=\"flex-basis:50%\">\n<p><\/p>\n\n\n\n<h2 class=\"wp-block-heading has-neve-link-color-color has-text-color has-large-font-size\">Centro Ci\u00eancia Viva do Algarve, Portugal<\/h2>\n\n\n\n<p class=\"has-neve-link-color-color has-text-color\">O Centro Ci\u00eancia Viva do Algarve \u00e9 uma associa\u00e7\u00e3o privada sem fins lucrativos cujas principais miss\u00f5es s\u00e3o a educa\u00e7\u00e3o baseada no conhecimento cient\u00edfico e a comunica\u00e7\u00e3o cient\u00edfica e tecnol\u00f3gica. Promove atividades para estimular o interesse das pessoas pela cultura cient\u00edfica e tecnol\u00f3gica, dirigindo-se especialmente aos jovens. O CCVAlg tamb\u00e9m participa em projetos de ci\u00eancia e comunica\u00e7\u00e3o, produz exposi\u00e7\u00f5es tempor\u00e1rias, feiras e caf\u00e9s cient\u00edficos, bem como atividades cient\u00edficas no interior e no exterior para grupos escolares. Nos \u00faltimos 5 anos, tem sido dada especial aten\u00e7\u00e3o \u00e0 diversidade, equidade, inclus\u00e3o e acessibilidade na sua miss\u00e3o e atividades.<\/p>\n\n\n\n<div class=\"wp-block-group is-vertical is-layout-flex wp-container-core-group-is-layout-8cf370e7 wp-block-group-is-layout-flex\">\n<p class=\"has-neve-link-color-color has-text-color\"><strong>Portugal<\/strong> : <a href=\"http:\/\/www.ccvalg.pt\">Centro Ci\u00eancia Viva Do Algarve<\/a><\/p>\n<\/div>\n\n\n\n<ul class=\"has-neve-link-color-color has-text-color wp-block-list\">\n<li>Christina Veiga-Pires : <a href=\"mailto:de@ccvalg.pt\">de@ccvalg.pt<\/a><\/li>\n<\/ul>\n\n\n\n<div style=\"height:20px\" aria-hidden=\"true\" class=\"wp-block-spacer\"><\/div>\n<\/div>\n\n\n\n<div class=\"wp-block-column is-vertically-aligned-center is-layout-flow wp-block-column-is-layout-flow\" style=\"flex-basis:50%\"><div class=\"wp-block-image\">\n<figure class=\"aligncenter size-large is-resized\"><img loading=\"lazy\" decoding=\"async\" width=\"1024\" height=\"771\" src=\"http:\/\/imoveproject.eu\/wp-content\/uploads\/2022\/05\/ciencia-viva-faro-1024x771.jpg\" alt=\"\" class=\"wp-image-369\" style=\"width:539px;height:405px\" srcset=\"https:\/\/imoveproject.eu\/wp-content\/uploads\/2022\/05\/ciencia-viva-faro-1024x771.jpg 1024w, https:\/\/imoveproject.eu\/wp-content\/uploads\/2022\/05\/ciencia-viva-faro-300x226.jpg 300w, https:\/\/imoveproject.eu\/wp-content\/uploads\/2022\/05\/ciencia-viva-faro-768x578.jpg 768w, https:\/\/imoveproject.eu\/wp-content\/uploads\/2022\/05\/ciencia-viva-faro-1536x1156.jpg 1536w, https:\/\/imoveproject.eu\/wp-content\/uploads\/2022\/05\/ciencia-viva-faro-2048x1542.jpg 2048w\" sizes=\"auto, (max-width: 1024px) 100vw, 1024px\" \/><\/figure>\n<\/div><\/div>\n<\/div>\n<\/div><\/div>\n\n\n\n<div class=\"wp-block-cover alignfull\" style=\"min-height:671px;aspect-ratio:unset;\"><span aria-hidden=\"true\" class=\"wp-block-cover__background has-neve-link-hover-color-background-color has-background-dim\"><\/span><div class=\"wp-block-cover__inner-container is-layout-flow wp-block-cover-is-layout-flow\">\n<div class=\"wp-block-group\"><div class=\"wp-block-group__inner-container is-layout-flow wp-block-group-is-layout-flow\">\n<div class=\"wp-block-columns are-vertically-aligned-center is-layout-flex wp-container-core-columns-is-layout-9d6595d7 wp-block-columns-is-layout-flex\">\n<div class=\"wp-block-column is-vertically-aligned-center is-layout-flow wp-block-column-is-layout-flow\" style=\"flex-basis:50%\"><div class=\"wp-block-image\">\n<figure class=\"aligncenter size-large\"><img loading=\"lazy\" decoding=\"async\" width=\"1024\" height=\"882\" src=\"http:\/\/imoveproject.eu\/wp-content\/uploads\/2023\/01\/RE-team-1024x882.jpg\" alt=\"\" class=\"wp-image-1027\" srcset=\"https:\/\/imoveproject.eu\/wp-content\/uploads\/2023\/01\/RE-team-1024x882.jpg 1024w, https:\/\/imoveproject.eu\/wp-content\/uploads\/2023\/01\/RE-team-300x258.jpg 300w, https:\/\/imoveproject.eu\/wp-content\/uploads\/2023\/01\/RE-team-768x661.jpg 768w, https:\/\/imoveproject.eu\/wp-content\/uploads\/2023\/01\/RE-team-1536x1323.jpg 1536w, https:\/\/imoveproject.eu\/wp-content\/uploads\/2023\/01\/RE-team-2048x1764.jpg 2048w\" sizes=\"auto, (max-width: 1024px) 100vw, 1024px\" \/><\/figure>\n<\/div><\/div>\n\n\n\n<div class=\"wp-block-column is-vertically-aligned-center is-layout-flow wp-block-column-is-layout-flow\" style=\"flex-basis:50%\">\n<div style=\"height:20px\" aria-hidden=\"true\" class=\"wp-block-spacer\"><\/div>\n\n\n\n<h2 class=\"wp-block-heading has-text-align-left has-neve-link-color-color has-text-color has-large-font-size\">Municipality of Reggio Emilia &#8211; Civic Museums, Italy<\/h2>\n\n\n\n<div class=\"wp-block-group is-vertical is-layout-flex wp-container-core-group-is-layout-8cf370e7 wp-block-group-is-layout-flex\">\n<p class=\"has-text-align-left has-neve-link-color-color has-text-color\" style=\"font-size:17px\">Os Museus C\u00edvicos re\u00fanem museus, monumentos e centros de exposi\u00e7\u00e3o da cidade de Reggio Emilia, uma cidade de m\u00e9dia dimens\u00e3o situada na Regi\u00e3o Emilia-Romagna. Os Museus C\u00edvicos t\u00eam sido envolvidos pela administra\u00e7\u00e3o local em v\u00e1rios projetos sobre inclus\u00e3o social representando os valores de Reggio Emilia, uma \u00ab\u00a0cidade de pessoas\u00a0\u00bb que considera a diversidade como um recurso educativo, econ\u00f3mico, social e cultural para os seus cidad\u00e3os e se concentra na centralidade da pessoa humana e, portanto, dos princ\u00edpios de igualdade, n\u00e3o discrimina\u00e7\u00e3o, igualdade de oportunidades e inclus\u00e3o para todos.<br><br> <strong>Italy<\/strong> : <a href=\"http:\/\/www.musei.re.it\"> Comune di Reggio Emilia<\/a><\/p>\n\n\n\n<p class=\"has-text-align-left has-neve-link-color-color has-text-color\" style=\"font-size:17px\"> <\/p>\n<\/div>\n\n\n\n<ul class=\"has-neve-link-color-color has-text-color wp-block-list\">\n<li>Georgia Cantoni : <a href=\"mailto:georgia.cantoni@comune.re.it\">georgia.cantoni@comune.re.it<\/a><\/li>\n<\/ul>\n<\/div>\n<\/div>\n<\/div><\/div>\n<\/div><\/div>\n\n\n\n<div class=\"wp-block-cover alignfull is-light\" style=\"min-height:641px;aspect-ratio:unset;\"><span aria-hidden=\"true\" class=\"wp-block-cover__background has-background-dim-100 has-background-dim\" style=\"background-color:#dcdcdc\"><\/span><div class=\"wp-block-cover__inner-container is-layout-flow wp-block-cover-is-layout-flow\">\n<div class=\"wp-block-group\"><div class=\"wp-block-group__inner-container is-layout-flow wp-block-group-is-layout-flow\">\n<div class=\"wp-block-columns are-vertically-aligned-center is-layout-flex wp-container-core-columns-is-layout-9d6595d7 wp-block-columns-is-layout-flex\">\n<div class=\"wp-block-column is-vertically-aligned-center is-layout-flow wp-block-column-is-layout-flow\" style=\"flex-basis:50%\">\n<p><\/p>\n\n\n\n<h2 class=\"wp-block-heading has-neve-text-color-color has-text-color has-large-font-size\">Universit\u00e9 Catholique de l&rsquo;Ouest, France<\/h2>\n\n\n\n<p class=\"has-neve-text-color-color has-text-color\">Fundada em 1875, a Universidade Cat\u00f3lica Francesa do Oeste \u00e9 hoje um ator chave no ensino superior e na investiga\u00e7\u00e3o. A UCO est\u00e1 envolvida neste projeto atrav\u00e9s de investigadores das unidades de investiga\u00e7\u00e3o LIRFE (Laborat\u00f3rio Interdisciplinar de Investiga\u00e7\u00e3o sobre Quest\u00f5es da Vida em Forma\u00e7\u00e3o e Educa\u00e7\u00e3o) e CHUS (Centro de Investiga\u00e7\u00e3o em Humanidades e Sociedades), especializadas na media\u00e7\u00e3o, transmiss\u00e3o e usos no setor cultural. A equipa de investiga\u00e7\u00e3o utiliza uma abordagem comunicacional e sociol\u00f3gica am rela\u00e7\u00e3o aos dispositivos, processos e audi\u00eancias, e tamb\u00e9m aplica ferramentas emp\u00edricas espec\u00edficas adaptadas a quest\u00f5es culturais: inqu\u00e9ritos quantitativos, entrevistas, observa\u00e7\u00e3o, e an\u00e1lise s\u00f3cio-semi\u00f3tica.<\/p>\n\n\n\n<p class=\"has-neve-text-color-color has-text-color\"><strong>France <\/strong>: <a href=\"https:\/\/recherche.uco.fr\/equipe\/lirfe\">LIRFE research laboratory<\/a><\/p>\n\n\n\n<p class=\"has-neve-text-color-color has-text-color\"><strong>UCO foi instiui\u00e7\u00e3o parceira no projeto durante o primeiro ano, at\u00e9 Agosto de 2022.<\/strong><\/p>\n<\/div>\n\n\n\n<div class=\"wp-block-column is-vertically-aligned-center is-layout-flow wp-block-column-is-layout-flow\" style=\"flex-basis:50%\"><div class=\"wp-block-image\">\n<figure class=\"aligncenter size-large is-resized\"><img loading=\"lazy\" decoding=\"async\" width=\"1024\" height=\"765\" src=\"http:\/\/imoveproject.eu\/wp-content\/uploads\/2022\/05\/uco-1024x765.jpg\" alt=\"\" class=\"wp-image-372\" style=\"width:526px;height:392px\" srcset=\"https:\/\/imoveproject.eu\/wp-content\/uploads\/2022\/05\/uco-1024x765.jpg 1024w, https:\/\/imoveproject.eu\/wp-content\/uploads\/2022\/05\/uco-300x224.jpg 300w, https:\/\/imoveproject.eu\/wp-content\/uploads\/2022\/05\/uco-768x574.jpg 768w, https:\/\/imoveproject.eu\/wp-content\/uploads\/2022\/05\/uco-1536x1148.jpg 1536w, https:\/\/imoveproject.eu\/wp-content\/uploads\/2022\/05\/uco-2048x1530.jpg 2048w\" sizes=\"auto, (max-width: 1024px) 100vw, 1024px\" \/><\/figure>\n<\/div><\/div>\n<\/div>\n<\/div><\/div>\n<\/div><\/div>\n","protected":false},"excerpt":{"rendered":"<p>I MOVE \u00e9 um projeto desenvolvido gra\u00e7as \u00e0 energia positiva de 4 organiza\u00e7\u00f5es parceiras<\/p>\n","protected":false},"author":1,"featured_media":0,"parent":0,"menu_order":0,"comment_status":"closed","ping_status":"closed","template":"","meta":{"neve_meta_sidebar":"","neve_meta_container":"contained","neve_meta_enable_content_width":"on","neve_meta_content_width":91,"neve_meta_title_alignment":"","neve_meta_author_avatar":"","neve_post_elements_order":"","neve_meta_disable_header":"","neve_meta_disable_footer":"","neve_meta_disable_title":"on","footnotes":""},"class_list":["post-778","page","type-page","status-publish","hentry"],"_links":{"self":[{"href":"https:\/\/imoveproject.eu\/index.php?rest_route=\/wp\/v2\/pages\/778","targetHints":{"allow":["GET"]}}],"collection":[{"href":"https:\/\/imoveproject.eu\/index.php?rest_route=\/wp\/v2\/pages"}],"about":[{"href":"https:\/\/imoveproject.eu\/index.php?rest_route=\/wp\/v2\/types\/page"}],"author":[{"embeddable":true,"href":"https:\/\/imoveproject.eu\/index.php?rest_route=\/wp\/v2\/users\/1"}],"replies":[{"embeddable":true,"href":"https:\/\/imoveproject.eu\/index.php?rest_route=%2Fwp%2Fv2%2Fcomments&post=778"}],"version-history":[{"count":11,"href":"https:\/\/imoveproject.eu\/index.php?rest_route=\/wp\/v2\/pages\/778\/revisions"}],"predecessor-version":[{"id":1540,"href":"https:\/\/imoveproject.eu\/index.php?rest_route=\/wp\/v2\/pages\/778\/revisions\/1540"}],"wp:attachment":[{"href":"https:\/\/imoveproject.eu\/index.php?rest_route=%2Fwp%2Fv2%2Fmedia&parent=778"}],"curies":[{"name":"wp","href":"https:\/\/api.w.org\/{rel}","templated":true}]}}