{"id":779,"date":"2022-05-30T09:51:25","date_gmt":"2022-05-30T07:51:25","guid":{"rendered":"http:\/\/imoveproject.eu\/?page_id=779"},"modified":"2024-03-18T12:47:17","modified_gmt":"2024-03-18T11:47:17","slug":"partners-5","status":"publish","type":"page","link":"https:\/\/imoveproject.eu\/?page_id=779&lang=it","title":{"rendered":"Partner"},"content":{"rendered":"\n<p><\/p>\n\n\n\n<p><\/p>\n\n\n\n<p><\/p>\n\n\n\n<p><\/p>\n\n\n\n<div style=\"height:100px\" aria-hidden=\"true\" class=\"wp-block-spacer\"><\/div>\n\n\n\n<p class=\"has-text-align-center has-neve-link-color-color has-text-color\" style=\"font-size:25px\"><strong>Il progetto I MOVE si sviluppa grazie all&rsquo;energia positiva di 4 organizzazioni partner<\/strong><\/p>\n\n\n\n<div style=\"height:100px\" aria-hidden=\"true\" class=\"wp-block-spacer\"><\/div>\n\n\n\n<div class=\"wp-block-cover alignfull\" style=\"min-height:496px;aspect-ratio:unset;\"><span aria-hidden=\"true\" class=\"wp-block-cover__background has-nv-light-bg-background-color has-background-dim-100 has-background-dim\"><\/span><div class=\"wp-block-cover__inner-container is-layout-flow wp-block-cover-is-layout-flow\">\n<div class=\"wp-block-group\"><div class=\"wp-block-group__inner-container is-layout-flow wp-block-group-is-layout-flow\">\n<div class=\"wp-block-columns are-vertically-aligned-center is-layout-flex wp-container-core-columns-is-layout-9d6595d7 wp-block-columns-is-layout-flex\">\n<div class=\"wp-block-column is-vertically-aligned-center is-layout-flow wp-block-column-is-layout-flow\" style=\"flex-basis:50%\">\n<div style=\"height:100px\" aria-hidden=\"true\" class=\"wp-block-spacer\"><\/div>\n\n\n\n<p><\/p>\n\n\n\n<h2 class=\"wp-block-heading has-neve-link-color-color has-text-color has-large-font-size\"><strong>Cap Sciences, Francia<\/strong><\/h2>\n\n\n\n<p class=\"has-text-align-left has-neve-link-color-color has-text-color\">Cap Sciences \u00e8 un centro di cultura scientifica, tecnica e industriale fondato nel 1995 a Bordeaux, nella regione della Nuova Aquitania. Da oltre 25 anni, la missione di Cap Sciences \u00e8 quella di diffondere la cultura della scienza, della tecnologia e dell&rsquo;innovazione al maggior numero possibile di persone nella regione della Nuova Aquitania, dalle aree rurali ai quartieri urbani svantaggiati. Nel 2019 al&rsquo;interno dello staff \u00e8 stata creata una posizione specifica di \u00ab\u00a0leader dell&rsquo;inclusione sociale e dell&rsquo;innovazione\u00a0\u00bb per sensibilizzare il team su questi temi.<\/p>\n\n\n\n<div class=\"wp-block-columns is-layout-flex wp-container-core-columns-is-layout-9d6595d7 wp-block-columns-is-layout-flex\">\n<div class=\"wp-block-column is-vertically-aligned-center is-layout-flow wp-block-column-is-layout-flow\" style=\"flex-basis:100%\">\n<p class=\"has-neve-link-color-color has-text-color\"><strong>Coordinamento generale<\/strong> : <a href=\"http:\/\/www.cap-sciences.net\">Cap Sciences<\/a> <\/p>\n\n\n\n<ul class=\"has-neve-link-color-color has-text-color wp-block-list\">\n<li>Alexia Sonnois : <a href=\"mailto:a.sonnois@cap-sciences.net\" data-type=\"URL\">a.sonnois@cap-sciences.net<\/a><\/li>\n\n\n\n<li>No\u00e9mie Escortell : <a rel=\"noreferrer noopener\" href=\"mailto:n.escortell@cap-sciences.net\" target=\"_blank\">n.escortell@cap-sciences.net<\/a> <\/li>\n<\/ul>\n<\/div>\n<\/div>\n<\/div>\n\n\n\n<div class=\"wp-block-column is-vertically-aligned-center is-layout-flow wp-block-column-is-layout-flow\" style=\"flex-basis:50%\">\n<figure class=\"wp-block-image size-large is-resized\"><a href=\"www.cap-sciences.net\"><img loading=\"lazy\" decoding=\"async\" width=\"1024\" height=\"770\" src=\"https:\/\/imoveproject.eu\/wp-content\/uploads\/2022\/05\/cap-sciences-1024x770.jpg\" alt=\"\" class=\"wp-image-249\" style=\"width:581px;height:436px\" srcset=\"https:\/\/imoveproject.eu\/wp-content\/uploads\/2022\/05\/cap-sciences-1024x770.jpg 1024w, https:\/\/imoveproject.eu\/wp-content\/uploads\/2022\/05\/cap-sciences-300x226.jpg 300w, https:\/\/imoveproject.eu\/wp-content\/uploads\/2022\/05\/cap-sciences-768x578.jpg 768w, https:\/\/imoveproject.eu\/wp-content\/uploads\/2022\/05\/cap-sciences-1536x1155.jpg 1536w, https:\/\/imoveproject.eu\/wp-content\/uploads\/2022\/05\/cap-sciences-2048x1540.jpg 2048w\" sizes=\"auto, (max-width: 1024px) 100vw, 1024px\" \/><\/a><\/figure>\n<\/div>\n<\/div>\n<\/div><\/div>\n<\/div><\/div>\n\n\n\n<div class=\"wp-block-cover alignfull\" style=\"min-height:671px;aspect-ratio:unset;\"><span aria-hidden=\"true\" class=\"wp-block-cover__background has-neve-link-hover-color-background-color has-background-dim\"><\/span><div class=\"wp-block-cover__inner-container is-layout-flow wp-block-cover-is-layout-flow\">\n<div class=\"wp-block-columns are-vertically-aligned-center is-layout-flex wp-container-core-columns-is-layout-9d6595d7 wp-block-columns-is-layout-flex\">\n<div class=\"wp-block-column is-vertically-aligned-center is-layout-flow wp-block-column-is-layout-flow\" style=\"flex-basis:50%\"><div class=\"wp-block-image\">\n<figure class=\"aligncenter size-large is-resized\"><img loading=\"lazy\" decoding=\"async\" width=\"832\" height=\"1024\" src=\"http:\/\/imoveproject.eu\/wp-content\/uploads\/2023\/01\/VSC-team-832x1024.jpg\" alt=\"\" class=\"wp-image-1032\" style=\"width:437px;height:537px\" srcset=\"https:\/\/imoveproject.eu\/wp-content\/uploads\/2023\/01\/VSC-team-832x1024.jpg 832w, https:\/\/imoveproject.eu\/wp-content\/uploads\/2023\/01\/VSC-team-244x300.jpg 244w, https:\/\/imoveproject.eu\/wp-content\/uploads\/2023\/01\/VSC-team-768x945.jpg 768w, https:\/\/imoveproject.eu\/wp-content\/uploads\/2023\/01\/VSC-team-1248x1536.jpg 1248w, https:\/\/imoveproject.eu\/wp-content\/uploads\/2023\/01\/VSC-team-1664x2048.jpg 1664w\" sizes=\"auto, (max-width: 832px) 100vw, 832px\" \/><\/figure>\n<\/div><\/div>\n\n\n\n<div class=\"wp-block-column is-vertically-aligned-center is-layout-flow wp-block-column-is-layout-flow\" style=\"flex-basis:50%\">\n<div class=\"wp-block-group\"><div class=\"wp-block-group__inner-container is-layout-flow wp-block-group-is-layout-flow\">\n<div class=\"wp-block-group\"><div class=\"wp-block-group__inner-container is-layout-flow wp-block-group-is-layout-flow\">\n<h2 class=\"wp-block-heading has-text-align-left has-neve-link-color-color has-text-color has-large-font-size\"><br>VSC network : Netherlands sciences centers network<\/h2>\n<\/div><\/div>\n\n\n\n<p class=\"has-text-align-left has-neve-link-color-color has-text-color\" style=\"font-size:17px\"><strong>VSC<\/strong> \u00e8 una rete neerlandese che riunisce 40 centri scientifici e musei della scienza che contano oltre 5 milioni di visitatori all&rsquo;anno. VSC si propone di rappresentare e mettere in contatto tutte le persone che lavorano nei Paesi Bassi nel campo della comunicazione scientifica, contribuendo al miglioramento e alla professionalizzazione del settore attraverso la condivisione delle conoscenze tra i suoi membri e la promozione di progetti di cooperazione. Recentemente il VSC ha concentrato le sue attivit\u00e0 sulla diversit\u00e0 e l&rsquo;inclusione con il progetto \u00ab\u00a0Samen Inclusief\u00a0\u00bb, volto a costruire istituzioni pi\u00f9 inclusive e accessibili.<\/p>\n\n\n\n<div class=\"wp-block-group is-vertical is-layout-flex wp-container-core-group-is-layout-8cf370e7 wp-block-group-is-layout-flex\">\n<p class=\"has-neve-link-color-color has-text-color\"><strong>Netherlands<\/strong> : <a href=\"http:\/\/www.vsc-netwerk.nl\">VSC &#8211; Vereniging van wetenschapsmusea en scence centers<\/a> <\/p>\n<\/div>\n\n\n\n<ul class=\"has-neve-link-color-color has-text-color wp-block-list\">\n<li>Menno Tummers : <a href=\"mailto:menno@vsc-netwerk.nl\">menno@vsc-netwerk.nl<\/a><\/li>\n<\/ul>\n<\/div><\/div>\n<\/div>\n<\/div>\n<\/div><\/div>\n\n\n\n<div class=\"wp-block-cover alignfull\" style=\"min-height:593px;aspect-ratio:unset;\"><span aria-hidden=\"true\" class=\"wp-block-cover__background has-nv-light-bg-background-color has-background-dim-100 has-background-dim\"><\/span><div class=\"wp-block-cover__inner-container is-layout-flow wp-block-cover-is-layout-flow\">\n<div class=\"wp-block-columns are-vertically-aligned-center is-layout-flex wp-container-core-columns-is-layout-9d6595d7 wp-block-columns-is-layout-flex\">\n<div class=\"wp-block-column is-vertically-aligned-center is-layout-flow wp-block-column-is-layout-flow\" style=\"flex-basis:50%\">\n<p><\/p>\n\n\n\n<h2 class=\"wp-block-heading has-neve-link-color-color has-text-color has-large-font-size\"><strong>Centro Ci\u00eancia Viva do Algarve, Portogallo<\/strong><\/h2>\n\n\n\n<p class=\"has-neve-link-color-color has-text-color\">Il Museo Interattivo delle Scienze dell&rsquo;Algarve \u00e8 un&rsquo;associazione privata senza scopo di lucro le cui principali missioni sono l&rsquo;educazione basata sulla conoscenza scientifica e la comunicazione scientifica e tecnologica. Promuove attivit\u00e0 per stimolare l&rsquo;interesse delle persone per la cultura scientifica e tecnologica, rivolgendosi soprattutto ai giovani. Il CCVAlg partecipa inoltre a progetti scientifici e di comunicazione, produce mostre temporanee, fiere scientifiche e caf\u00e8, nonch\u00e9 attivit\u00e0 scientifiche al chiuso e all&rsquo;aperto per gruppi di studiosi. Negli ultimi 5 anni, nella sua missione e nelle sue attivit\u00e0 \u00e8 stata prestata particolare attenzione alla diversit\u00e0, all&rsquo;equit\u00e0, all&rsquo;inclusione e all&rsquo;accessibilit\u00e0.<\/p>\n\n\n\n<div class=\"wp-block-group is-vertical is-layout-flex wp-container-core-group-is-layout-8cf370e7 wp-block-group-is-layout-flex\">\n<p class=\"has-neve-link-color-color has-text-color\"><strong>Portugal<\/strong> : <a href=\"http:\/\/www.ccvalg.pt\">Centro Ci\u00eancia Viva Do Algarve<\/a><\/p>\n<\/div>\n\n\n\n<ul class=\"has-neve-link-color-color has-text-color wp-block-list\">\n<li>Christina Veiga-Pires : <a href=\"mailto:de@ccvalg.pt\">de@ccvalg.pt<\/a><\/li>\n<\/ul>\n\n\n\n<div style=\"height:20px\" aria-hidden=\"true\" class=\"wp-block-spacer\"><\/div>\n<\/div>\n\n\n\n<div class=\"wp-block-column is-vertically-aligned-center is-layout-flow wp-block-column-is-layout-flow\" style=\"flex-basis:50%\"><div class=\"wp-block-image\">\n<figure class=\"aligncenter size-large is-resized\"><img loading=\"lazy\" decoding=\"async\" width=\"1024\" height=\"771\" src=\"http:\/\/imoveproject.eu\/wp-content\/uploads\/2022\/05\/ciencia-viva-faro-1024x771.jpg\" alt=\"\" class=\"wp-image-369\" style=\"width:539px;height:405px\" srcset=\"https:\/\/imoveproject.eu\/wp-content\/uploads\/2022\/05\/ciencia-viva-faro-1024x771.jpg 1024w, https:\/\/imoveproject.eu\/wp-content\/uploads\/2022\/05\/ciencia-viva-faro-300x226.jpg 300w, https:\/\/imoveproject.eu\/wp-content\/uploads\/2022\/05\/ciencia-viva-faro-768x578.jpg 768w, https:\/\/imoveproject.eu\/wp-content\/uploads\/2022\/05\/ciencia-viva-faro-1536x1156.jpg 1536w, https:\/\/imoveproject.eu\/wp-content\/uploads\/2022\/05\/ciencia-viva-faro-2048x1542.jpg 2048w\" sizes=\"auto, (max-width: 1024px) 100vw, 1024px\" \/><\/figure>\n<\/div><\/div>\n<\/div>\n<\/div><\/div>\n\n\n\n<div class=\"wp-block-cover alignfull\" style=\"min-height:671px;aspect-ratio:unset;\"><span aria-hidden=\"true\" class=\"wp-block-cover__background has-neve-link-hover-color-background-color has-background-dim\"><\/span><div class=\"wp-block-cover__inner-container is-layout-flow wp-block-cover-is-layout-flow\">\n<div class=\"wp-block-group\"><div class=\"wp-block-group__inner-container is-layout-flow wp-block-group-is-layout-flow\">\n<div class=\"wp-block-columns are-vertically-aligned-center is-layout-flex wp-container-core-columns-is-layout-9d6595d7 wp-block-columns-is-layout-flex\">\n<div class=\"wp-block-column is-vertically-aligned-center is-layout-flow wp-block-column-is-layout-flow\" style=\"flex-basis:50%\"><div class=\"wp-block-image\">\n<figure class=\"aligncenter size-large\"><img loading=\"lazy\" decoding=\"async\" width=\"1024\" height=\"882\" src=\"http:\/\/imoveproject.eu\/wp-content\/uploads\/2023\/01\/RE-team-1024x882.jpg\" alt=\"\" class=\"wp-image-1027\" srcset=\"https:\/\/imoveproject.eu\/wp-content\/uploads\/2023\/01\/RE-team-1024x882.jpg 1024w, https:\/\/imoveproject.eu\/wp-content\/uploads\/2023\/01\/RE-team-300x258.jpg 300w, https:\/\/imoveproject.eu\/wp-content\/uploads\/2023\/01\/RE-team-768x661.jpg 768w, https:\/\/imoveproject.eu\/wp-content\/uploads\/2023\/01\/RE-team-1536x1323.jpg 1536w, https:\/\/imoveproject.eu\/wp-content\/uploads\/2023\/01\/RE-team-2048x1764.jpg 2048w\" sizes=\"auto, (max-width: 1024px) 100vw, 1024px\" \/><\/figure>\n<\/div><\/div>\n\n\n\n<div class=\"wp-block-column is-vertically-aligned-center is-layout-flow wp-block-column-is-layout-flow\" style=\"flex-basis:50%\">\n<div style=\"height:20px\" aria-hidden=\"true\" class=\"wp-block-spacer\"><\/div>\n\n\n\n<h2 class=\"wp-block-heading has-text-align-left has-neve-link-color-color has-text-color has-large-font-size\"><strong>Comune di Reggio Emilia &#8211; Musei Civici, Italia<\/strong><\/h2>\n\n\n\n<div class=\"wp-block-group is-vertical is-layout-flex wp-container-core-group-is-layout-8cf370e7 wp-block-group-is-layout-flex\">\n<p class=\"has-text-align-left has-neve-link-color-color has-text-color\" style=\"font-size:17px\">I Musei Civici sono una rete di musei, monumenti e sedi espositive della citt\u00e0 di Reggio Emilia, una citt\u00e0 di medie dimensioni situata nella Regione Emilia-Romagna. I Musei Civici sono stati coinvolti dall&rsquo;amministrazione locale in diversi progetti di inclusione sociale e di rappresentazione dei valori di Reggio Emilia, una \u00ab\u00a0citt\u00e0 delle persone\u00a0\u00bb che considera la diversit\u00e0 una risorsa educativa, economica, sociale e culturale per i suoi cittadini e punta sulla centralit\u00e0 della persona umana e quindi dei principi di uguaglianza, non discriminazione, pari opportunit\u00e0 e inclusione per tutti.<br><br> <strong>Italy<\/strong> : <a href=\"http:\/\/www.musei.re.it\"> Comune di Reggio Emilia<\/a><\/p>\n\n\n\n<p class=\"has-text-align-left has-neve-link-color-color has-text-color\" style=\"font-size:17px\">Musei Civici di Reggio Emilia<\/p>\n\n\n\n<p class=\"has-text-align-left has-neve-link-color-color has-text-color\" style=\"font-size:17px\"> <\/p>\n<\/div>\n\n\n\n<ul class=\"has-neve-link-color-color has-text-color wp-block-list\">\n<li>Georgia Cantoni : <a href=\"mailto:georgia.cantoni@comune.re.it\">georgia.cantoni@comune.re.it<\/a><\/li>\n<\/ul>\n<\/div>\n<\/div>\n<\/div><\/div>\n<\/div><\/div>\n\n\n\n<div class=\"wp-block-cover alignfull is-light\" style=\"min-height:641px;aspect-ratio:unset;\"><span aria-hidden=\"true\" class=\"wp-block-cover__background has-background-dim-100 has-background-dim\" style=\"background-color:#dcdcdc\"><\/span><div class=\"wp-block-cover__inner-container is-layout-flow wp-block-cover-is-layout-flow\">\n<div class=\"wp-block-group\"><div class=\"wp-block-group__inner-container is-layout-flow wp-block-group-is-layout-flow\">\n<div class=\"wp-block-columns are-vertically-aligned-center is-layout-flex wp-container-core-columns-is-layout-9d6595d7 wp-block-columns-is-layout-flex\">\n<div class=\"wp-block-column is-vertically-aligned-center is-layout-flow wp-block-column-is-layout-flow\" style=\"flex-basis:50%\">\n<p><\/p>\n\n\n\n<h2 class=\"wp-block-heading has-neve-text-color-color has-text-color has-large-font-size\"><strong>Universit\u00e0 Cattolica dell&rsquo;Ovest, Francia<\/strong><\/h2>\n\n\n\n<p class=\"has-neve-text-color-color has-text-color\">Fondata nel 1875, l&rsquo;Universit\u00e0 Cattolica dell&rsquo;Ovest \u00e8 oggi uno dei principali attori dell&rsquo;istruzione superiore e della ricerca. UCO \u00e8 stata coinvolta in questo progetto attraverso i ricercatori delle unit\u00e0 di ricerca LIRFE (Laboratorio di ricerca interdisciplinare sulle questioni della vita nella formazione e nell&rsquo;educazione) e CHUS (Centro di ricerca sulle scienze umane e le societ\u00e0), specializzate nella mediazione, nella trasmissione e negli usi nel settore culturale. Il team di ricerca utilizza un approccio di comunicazione e sociologico ai dispositivi, ai processi e ai pubblici, e impiega anche strumenti empirici specifici per le tematiche culturali: indagini quantitative, interviste, osservazione e analisi socio-semiotica.<\/p>\n\n\n\n<p><\/p>\n\n\n\n<p class=\"has-neve-text-color-color has-text-color\"><strong>France <\/strong>: <a href=\"https:\/\/recherche.uco.fr\/equipe\/lirfe\">LIRFE research laboratory<\/a><\/p>\n\n\n\n<p><\/p>\n\n\n\n<p class=\"has-neve-text-color-color has-text-color\"><strong><strong>UCO \u00e8 stata partner del progetto per il primo anno, fino ad agosto 2022.<\/strong><\/strong><\/p>\n<\/div>\n\n\n\n<div class=\"wp-block-column is-vertically-aligned-center is-layout-flow wp-block-column-is-layout-flow\" style=\"flex-basis:50%\"><div class=\"wp-block-image\">\n<figure class=\"aligncenter size-large is-resized\"><img loading=\"lazy\" decoding=\"async\" width=\"1024\" height=\"765\" src=\"http:\/\/imoveproject.eu\/wp-content\/uploads\/2022\/05\/uco-1024x765.jpg\" alt=\"\" class=\"wp-image-372\" style=\"width:526px;height:392px\" srcset=\"https:\/\/imoveproject.eu\/wp-content\/uploads\/2022\/05\/uco-1024x765.jpg 1024w, https:\/\/imoveproject.eu\/wp-content\/uploads\/2022\/05\/uco-300x224.jpg 300w, https:\/\/imoveproject.eu\/wp-content\/uploads\/2022\/05\/uco-768x574.jpg 768w, https:\/\/imoveproject.eu\/wp-content\/uploads\/2022\/05\/uco-1536x1148.jpg 1536w, https:\/\/imoveproject.eu\/wp-content\/uploads\/2022\/05\/uco-2048x1530.jpg 2048w\" sizes=\"auto, (max-width: 1024px) 100vw, 1024px\" \/><\/figure>\n<\/div><\/div>\n<\/div>\n<\/div><\/div>\n<\/div><\/div>\n","protected":false},"excerpt":{"rendered":"<p>Il progetto I MOVE si sviluppa grazie all&rsquo;energia positiva di 4 organizzazioni partner<\/p>\n","protected":false},"author":1,"featured_media":0,"parent":0,"menu_order":0,"comment_status":"closed","ping_status":"closed","template":"","meta":{"neve_meta_sidebar":"","neve_meta_container":"contained","neve_meta_enable_content_width":"on","neve_meta_content_width":91,"neve_meta_title_alignment":"","neve_meta_author_avatar":"","neve_post_elements_order":"","neve_meta_disable_header":"","neve_meta_disable_footer":"","neve_meta_disable_title":"on","footnotes":""},"class_list":["post-779","page","type-page","status-publish","hentry"],"_links":{"self":[{"href":"https:\/\/imoveproject.eu\/index.php?rest_route=\/wp\/v2\/pages\/779","targetHints":{"allow":["GET"]}}],"collection":[{"href":"https:\/\/imoveproject.eu\/index.php?rest_route=\/wp\/v2\/pages"}],"about":[{"href":"https:\/\/imoveproject.eu\/index.php?rest_route=\/wp\/v2\/types\/page"}],"author":[{"embeddable":true,"href":"https:\/\/imoveproject.eu\/index.php?rest_route=\/wp\/v2\/users\/1"}],"replies":[{"embeddable":true,"href":"https:\/\/imoveproject.eu\/index.php?rest_route=%2Fwp%2Fv2%2Fcomments&post=779"}],"version-history":[{"count":11,"href":"https:\/\/imoveproject.eu\/index.php?rest_route=\/wp\/v2\/pages\/779\/revisions"}],"predecessor-version":[{"id":1538,"href":"https:\/\/imoveproject.eu\/index.php?rest_route=\/wp\/v2\/pages\/779\/revisions\/1538"}],"wp:attachment":[{"href":"https:\/\/imoveproject.eu\/index.php?rest_route=%2Fwp%2Fv2%2Fmedia&parent=779"}],"curies":[{"name":"wp","href":"https:\/\/api.w.org\/{rel}","templated":true}]}}