{"id":780,"date":"2022-05-30T09:51:37","date_gmt":"2022-05-30T07:51:37","guid":{"rendered":"http:\/\/imoveproject.eu\/?page_id=780"},"modified":"2024-09-24T17:47:18","modified_gmt":"2024-09-24T15:47:18","slug":"publication-2","status":"publish","type":"page","link":"https:\/\/imoveproject.eu\/?page_id=780&lang=fr","title":{"rendered":"LIVRABLES"},"content":{"rendered":"\n<div style=\"height:100px\" aria-hidden=\"true\" class=\"wp-block-spacer\"><\/div>\n\n\n\n<p><\/p>\n\n\n\n<div class=\"wp-block-columns is-layout-flex wp-container-core-columns-is-layout-9d6595d7 wp-block-columns-is-layout-flex\">\n<div class=\"wp-block-column is-layout-flow wp-block-column-is-layout-flow\">\n<figure class=\"wp-block-image size-large\"><img loading=\"lazy\" decoding=\"async\" width=\"768\" height=\"1024\" src=\"http:\/\/imoveproject.eu\/wp-content\/uploads\/2023\/01\/20221013_103246-3-768x1024.jpg\" alt=\"\" class=\"wp-image-1117\" srcset=\"https:\/\/imoveproject.eu\/wp-content\/uploads\/2023\/01\/20221013_103246-3-768x1024.jpg 768w, https:\/\/imoveproject.eu\/wp-content\/uploads\/2023\/01\/20221013_103246-3-225x300.jpg 225w, https:\/\/imoveproject.eu\/wp-content\/uploads\/2023\/01\/20221013_103246-3-1152x1536.jpg 1152w, https:\/\/imoveproject.eu\/wp-content\/uploads\/2023\/01\/20221013_103246-3-1536x2048.jpg 1536w, https:\/\/imoveproject.eu\/wp-content\/uploads\/2023\/01\/20221013_103246-3-scaled.jpg 1920w\" sizes=\"auto, (max-width: 768px) 100vw, 768px\" \/><\/figure>\n<\/div>\n\n\n\n<div class=\"wp-block-column is-layout-flow wp-block-column-is-layout-flow\">\n<figure class=\"wp-block-image size-large\"><img loading=\"lazy\" decoding=\"async\" width=\"768\" height=\"1024\" src=\"http:\/\/imoveproject.eu\/wp-content\/uploads\/2023\/01\/20221012_112808-2-768x1024.jpg\" alt=\"\" class=\"wp-image-1118\" srcset=\"https:\/\/imoveproject.eu\/wp-content\/uploads\/2023\/01\/20221012_112808-2-768x1024.jpg 768w, https:\/\/imoveproject.eu\/wp-content\/uploads\/2023\/01\/20221012_112808-2-225x300.jpg 225w, https:\/\/imoveproject.eu\/wp-content\/uploads\/2023\/01\/20221012_112808-2-1152x1536.jpg 1152w, https:\/\/imoveproject.eu\/wp-content\/uploads\/2023\/01\/20221012_112808-2-1536x2048.jpg 1536w, https:\/\/imoveproject.eu\/wp-content\/uploads\/2023\/01\/20221012_112808-2-scaled.jpg 1920w\" sizes=\"auto, (max-width: 768px) 100vw, 768px\" \/><\/figure>\n<\/div>\n\n\n\n<div class=\"wp-block-column is-layout-flow wp-block-column-is-layout-flow\">\n<figure class=\"wp-block-image size-large\"><img loading=\"lazy\" decoding=\"async\" width=\"768\" height=\"1024\" src=\"http:\/\/imoveproject.eu\/wp-content\/uploads\/2023\/01\/20221012_124342-1-768x1024.jpg\" alt=\"\" class=\"wp-image-1120\" srcset=\"https:\/\/imoveproject.eu\/wp-content\/uploads\/2023\/01\/20221012_124342-1-768x1024.jpg 768w, https:\/\/imoveproject.eu\/wp-content\/uploads\/2023\/01\/20221012_124342-1-225x300.jpg 225w, https:\/\/imoveproject.eu\/wp-content\/uploads\/2023\/01\/20221012_124342-1-1152x1536.jpg 1152w, https:\/\/imoveproject.eu\/wp-content\/uploads\/2023\/01\/20221012_124342-1-1536x2048.jpg 1536w, https:\/\/imoveproject.eu\/wp-content\/uploads\/2023\/01\/20221012_124342-1-scaled.jpg 1920w\" sizes=\"auto, (max-width: 768px) 100vw, 768px\" \/><\/figure>\n<\/div>\n<\/div>\n\n\n\n<p><\/p>\n\n\n\n<p class=\"has-text-align-center has-neve-link-color-color has-text-color\" style=\"font-size:25px\">3 principaux livrables sont accessibles dans 5 langues europ\u00e9ennes<\/p>\n\n\n\n<div style=\"height:100px\" aria-hidden=\"true\" class=\"wp-block-spacer\"><\/div>\n\n\n\n<p class=\"has-text-align-center has-neve-link-color-color has-text-color\"><\/p>\n\n\n\n<div class=\"wp-block-cover alignfull\" style=\"min-height:419px;aspect-ratio:unset;\"><span aria-hidden=\"true\" class=\"wp-block-cover__background has-nv-light-bg-background-color has-background-dim-100 has-background-dim\"><\/span><div class=\"wp-block-cover__inner-container is-layout-flow wp-block-cover-is-layout-flow\">\n<div class=\"wp-block-group\"><div class=\"wp-block-group__inner-container is-layout-flow wp-block-group-is-layout-flow\">\n<div class=\"wp-block-group has-nv-dark-bg-color has-text-color\"><div class=\"wp-block-group__inner-container is-layout-flow wp-block-group-is-layout-flow\">\n<div style=\"height:28px\" aria-hidden=\"true\" class=\"wp-block-spacer\"><\/div>\n\n\n\n<h2 class=\"wp-block-heading has-text-align-left has-neve-link-color-color has-text-color has-large-font-size\">\u00ab\u00a0Scanner\u00a0\u00bb pour analyser les activit\u00e9s culturelles : KADEILOSCOPE<\/h2>\n\n\n\n<p class=\"has-neve-link-color-color has-text-color has-link-color has-medium-font-size wp-elements-48e8b1e109da2cba67b522c0147d0397\" style=\"font-style:normal;font-weight:600\">KADEILOSCOPE : Outil d\u2019analyse et d\u2019\u00e9valuation pour les projets culturels sur l\u2019accessibilit\u00e9, diversit\u00e9, \u00e9quit\u00e9, inclusion<\/p>\n\n\n\n<div class=\"wp-block-columns is-layout-flex wp-container-core-columns-is-layout-9d6595d7 wp-block-columns-is-layout-flex\">\n<div class=\"wp-block-column is-layout-flow wp-block-column-is-layout-flow\"><\/div>\n\n\n\n<div class=\"wp-block-column is-layout-flow wp-block-column-is-layout-flow\"><\/div>\n\n\n\n<div class=\"wp-block-column is-layout-flow wp-block-column-is-layout-flow\"><\/div>\n<\/div>\n\n\n\n<div class=\"wp-block-columns is-layout-flex wp-container-core-columns-is-layout-9d6595d7 wp-block-columns-is-layout-flex\">\n<div class=\"wp-block-column is-layout-flow wp-block-column-is-layout-flow\">\n<p class=\"has-text-align-left has-neve-link-color-color has-text-color has-medium-font-size\"><strong>Analyse<\/strong><\/p>\n\n\n\n<p class=\"has-text-align-left has-neve-link-color-color has-text-color has-medium-font-size\">Aider les professionnels \u00e0 faire appara\u00eetre les enjeux de Diversit\u00e9, Inclusion, Accessibilit\u00e9 et les difficult\u00e9s pr\u00e9visibles pour diff\u00e9rents types de publics. Pr\u00e9voir et  anticiper les ajustements n\u00e9cessaires dans les activit\u00e9s culturelles.<\/p>\n<\/div>\n\n\n\n<div class=\"wp-block-column is-layout-flow wp-block-column-is-layout-flow\">\n<p class=\"has-text-align-left has-neve-link-color-color has-text-color has-medium-font-size\"><strong>Evaluation <\/strong><\/p>\n\n\n\n<p class=\"has-text-align-left has-neve-link-color-color has-text-color has-medium-font-size\">Aider \u00e0 concevoir une grille d&rsquo;auto-\u00e9valuation simple, pour guider l&rsquo;\u00e9valuation interne (succ\u00e8s, \u00e9checs et domaines d&rsquo;am\u00e9lioration en mati\u00e8re d&rsquo;Equit\u00e9, Inclusion, Diversit\u00e9).<\/p>\n<\/div>\n\n\n\n<div class=\"wp-block-column is-layout-flow wp-block-column-is-layout-flow\">\n<p class=\"has-text-align-left has-neve-link-color-color has-text-color has-medium-font-size\"><strong>Formation continue<\/strong><\/p>\n\n\n\n<p class=\"has-text-align-left has-neve-link-color-color has-text-color has-medium-font-size\">Aider \u00e0 la formation au quotidien des professionnels gr\u00e2ce \u00e0 une approche r\u00e9flexive et aux ressources et r\u00e9f\u00e9rences qui sont pr\u00e9sent\u00e9es dans le scanner. <\/p>\n<\/div>\n<\/div>\n<\/div><\/div>\n<\/div><\/div>\n\n\n<div class=\"wp-block-image\">\n<figure class=\"alignright size-medium is-resized\"><img loading=\"lazy\" decoding=\"async\" width=\"300\" height=\"206\" src=\"https:\/\/imoveproject.eu\/wp-content\/uploads\/2024\/06\/KAD-300x206.png\" alt=\"\" class=\"wp-image-1837\" style=\"width:515px;height:auto\" srcset=\"https:\/\/imoveproject.eu\/wp-content\/uploads\/2024\/06\/KAD-300x206.png 300w, https:\/\/imoveproject.eu\/wp-content\/uploads\/2024\/06\/KAD-1024x704.png 1024w, https:\/\/imoveproject.eu\/wp-content\/uploads\/2024\/06\/KAD-768x528.png 768w, https:\/\/imoveproject.eu\/wp-content\/uploads\/2024\/06\/KAD.png 1301w\" sizes=\"auto, (max-width: 300px) 100vw, 300px\" \/><\/figure>\n<\/div>\n\n\n<p class=\"has-text-align-left has-neve-link-color-color has-text-color has-link-color has-medium-font-size wp-elements-e6d0adb423f5e335ca93fb9b57e54fdf\" style=\"font-style:normal;font-weight:600\">Vous souhaitez t\u00e9l\u00e9charger <br>la version .pdf de l\u2019outil KADEILOSCOPE ?<\/p>\n\n\n\n<div class=\"wp-block-buttons is-content-justification-left is-layout-flex wp-container-core-buttons-is-layout-fdcfc74e wp-block-buttons-is-layout-flex\">\n<div class=\"wp-block-button has-custom-width wp-block-button__width-50 has-custom-font-size is-style-primary has-medium-font-size\" style=\"font-style:normal;font-weight:700\"><a class=\"wp-block-button__link has-nv-site-bg-color has-neve-link-color-background-color has-text-color has-background has-link-color wp-element-button\" href=\"https:\/\/forms.gle\/k2mTqLT7NmaQXcV69\" style=\"border-radius:100px\" target=\"_blank\" rel=\"noreferrer noopener\">C&rsquo;est par ici !<\/a><\/div>\n<\/div>\n\n\n\n<p><\/p>\n\n\n\n<p><\/p>\n\n\n\n<div style=\"height:45px\" aria-hidden=\"true\" class=\"wp-block-spacer\"><\/div>\n<\/div><\/div>\n\n\n\n<div class=\"wp-block-cover alignfull\" style=\"min-height:352px;aspect-ratio:unset;\"><span aria-hidden=\"true\" class=\"wp-block-cover__background has-neve-link-hover-color-background-color has-background-dim\"><\/span><div class=\"wp-block-cover__inner-container is-layout-flow wp-block-cover-is-layout-flow\">\n<div style=\"height:39px\" aria-hidden=\"true\" class=\"wp-block-spacer\"><\/div>\n\n\n\n<div class=\"wp-block-group\"><div class=\"wp-block-group__inner-container is-layout-flow wp-block-group-is-layout-flow\">\n<div class=\"wp-block-group has-nv-dark-bg-color has-text-color\"><div class=\"wp-block-group__inner-container is-layout-flow wp-block-group-is-layout-flow\">\n<div class=\"wp-block-group has-nv-site-bg-color has-text-color\"><div class=\"wp-block-group__inner-container is-layout-flow wp-block-group-is-layout-flow\">\n<div class=\"wp-block-group has-neve-link-color-color has-text-color\"><div class=\"wp-block-group__inner-container is-layout-flow wp-block-group-is-layout-flow\">\n<div class=\"wp-block-group has-nv-site-bg-color has-text-color\"><div class=\"wp-block-group__inner-container is-layout-flow wp-block-group-is-layout-flow\">\n<h2 class=\"wp-block-heading has-text-align-right has-neve-link-color-color has-text-color has-large-font-size\"><br>Kit de formation<\/h2>\n\n\n\n<div class=\"wp-block-columns is-layout-flex wp-container-core-columns-is-layout-9d6595d7 wp-block-columns-is-layout-flex\">\n<div class=\"wp-block-column is-layout-flow wp-block-column-is-layout-flow\">\n<p class=\"has-text-align-right has-neve-link-color-color has-text-color has-link-color wp-elements-af6e86bd34123045e7a4c57486503248\"><\/p>\n\n\n\n<figure class=\"wp-block-image size-large is-resized\"><img loading=\"lazy\" decoding=\"async\" width=\"1024\" height=\"575\" src=\"https:\/\/imoveproject.eu\/wp-content\/uploads\/2024\/09\/page-kit-formation-1024x575.png\" alt=\"\" class=\"wp-image-2284\" style=\"width:525px;height:auto\" srcset=\"https:\/\/imoveproject.eu\/wp-content\/uploads\/2024\/09\/page-kit-formation-1024x575.png 1024w, https:\/\/imoveproject.eu\/wp-content\/uploads\/2024\/09\/page-kit-formation-300x169.png 300w, https:\/\/imoveproject.eu\/wp-content\/uploads\/2024\/09\/page-kit-formation-768x431.png 768w, https:\/\/imoveproject.eu\/wp-content\/uploads\/2024\/09\/page-kit-formation.png 1150w\" sizes=\"auto, (max-width: 1024px) 100vw, 1024px\" \/><\/figure>\n<\/div>\n\n\n\n<div class=\"wp-block-column is-vertically-aligned-stretch is-layout-flow wp-block-column-is-layout-flow\">\n<p class=\"has-text-align-right has-neve-link-color-color has-text-color has-link-color has-medium-font-size wp-elements-b7b87121f72d5eef8a7ad9043881503f\">Cr\u00e9ation d&rsquo;un module de formation ludique de sensibilisation sur les sujets Accessibilit\u00e9, Diversit\u00e9, Equit\u00e9, Inclusion pour former le personnel <br>des organisations culturelles.<\/p>\n\n\n\n<p class=\"has-text-align-right has-neve-link-color-color has-text-color has-link-color has-medium-font-size wp-elements-4641e094f9e5c2321892c4e40e61e710\">Connect\u00e9 au KADEILOSCOPE, ce module repr\u00e9sente \u00e0 la fois une transmission de la m\u00e9thodologie d&rsquo;auto-\u00e9valuation, ainsi qu&rsquo;un atelier de sensibilisation.<\/p>\n\n\n\n<p class=\"has-text-align-right has-neve-link-color-color has-text-color has-link-color has-medium-font-size wp-elements-205ee8a853c8aaecf552d7976a4a574a\" style=\"font-style:normal;font-weight:600\">Vous souhaitez t\u00e9l\u00e9charger <br>le Kit de formation ?<\/p>\n\n\n\n<div class=\"wp-block-buttons is-content-justification-right is-layout-flex wp-container-core-buttons-is-layout-765c4724 wp-block-buttons-is-layout-flex\">\n<div class=\"wp-block-button has-custom-width wp-block-button__width-50 has-custom-font-size has-medium-font-size\" style=\"font-style:normal;font-weight:700\"><a class=\"wp-block-button__link has-nv-site-bg-color has-neve-link-color-background-color has-text-color has-background has-link-color wp-element-button\" href=\"https:\/\/forms.gle\/CBeRZRmmjTWbxh2RA\" style=\"border-radius:100px\" target=\"_blank\" rel=\"noreferrer noopener\">C&rsquo;est par ici !<\/a><\/div>\n<\/div>\n<\/div>\n<\/div>\n<\/div><\/div>\n<\/div><\/div>\n<\/div><\/div>\n<\/div><\/div>\n<\/div><\/div>\n<\/div><\/div>\n\n\n\n<div class=\"wp-block-cover alignfull\" style=\"min-height:439px;aspect-ratio:unset;\"><span aria-hidden=\"true\" class=\"wp-block-cover__background has-nv-light-bg-background-color has-background-dim-100 has-background-dim\"><\/span><div class=\"wp-block-cover__inner-container is-layout-flow wp-block-cover-is-layout-flow\">\n<div class=\"wp-block-group has-neve-link-color-color has-text-color\"><div class=\"wp-block-group__inner-container is-layout-flow wp-block-group-is-layout-flow\">\n<h2 class=\"wp-block-heading has-text-align-left has-large-font-size\"><br>Livre blanc <\/h2>\n\n\n\n<div class=\"wp-block-columns is-layout-flex wp-container-core-columns-is-layout-9d6595d7 wp-block-columns-is-layout-flex\">\n<div class=\"wp-block-column is-layout-flow wp-block-column-is-layout-flow\">\n<p class=\"has-text-align-left has-medium-font-size\">Document concis et visuel, facilement et rapidement appropriable afin d&rsquo;\u00eatre accessible \u00e0 toute organisation culturelle, aux d\u00e9cideurs et aux responsables politiques.<\/p>\n\n\n\n<p class=\"has-medium-font-size\">Le Livre Blanc existe en <strong>version graphique<\/strong> (un poster recto-verso A3) et en <strong>version texte<\/strong> (document de 20 pages environ).<\/p>\n\n\n\n<p class=\"has-text-align-left has-medium-font-size\">L&rsquo;objectif est de renforcer la diffusion de KADEILOSCOPE <br>et du module de formation, et de d\u00e9fendre les enjeux d&rsquo;Accessibilit\u00e9, Diversit\u00e9, Equit\u00e9, Inclusion dans les r\u00e9seaux culturels au niveau institutionnel, aupr\u00e8s des d\u00e9cideurs et des responsables politiques.<br><br><strong>Vous souhaitez t\u00e9l\u00e9charger le poster ou le document texte APPEL A L&rsquo;ACTION ?<\/strong><\/p>\n\n\n\n<div class=\"wp-block-buttons is-layout-flex wp-block-buttons-is-layout-flex\">\n<div class=\"wp-block-button has-custom-width wp-block-button__width-50 has-custom-font-size has-medium-font-size\" style=\"font-style:normal;font-weight:700\"><a class=\"wp-block-button__link has-neve-link-color-background-color has-background wp-element-button\" href=\"https:\/\/forms.gle\/vhurebBset9cRWPk6\" style=\"border-radius:100px\" target=\"_blank\" rel=\"noreferrer noopener\">C&rsquo;est par ici !<\/a><\/div>\n<\/div>\n<\/div>\n\n\n\n<div class=\"wp-block-column is-layout-flow wp-block-column-is-layout-flow\"><div class=\"wp-block-image\">\n<figure class=\"alignright size-full is-resized\"><img loading=\"lazy\" decoding=\"async\" width=\"327\" height=\"466\" src=\"https:\/\/imoveproject.eu\/wp-content\/uploads\/2024\/07\/couvFR-2.png\" alt=\"\" class=\"wp-image-1887\" style=\"width:335px;height:auto\" srcset=\"https:\/\/imoveproject.eu\/wp-content\/uploads\/2024\/07\/couvFR-2.png 327w, https:\/\/imoveproject.eu\/wp-content\/uploads\/2024\/07\/couvFR-2-211x300.png 211w\" sizes=\"auto, (max-width: 327px) 100vw, 327px\" \/><\/figure>\n<\/div><\/div>\n<\/div>\n<\/div><\/div>\n\n\n\n<div class=\"wp-block-group\"><div class=\"wp-block-group__inner-container is-layout-flow wp-block-group-is-layout-flow\">\n<div class=\"wp-block-group has-nv-dark-bg-color has-text-color\"><div class=\"wp-block-group__inner-container is-layout-flow wp-block-group-is-layout-flow\"><\/div><\/div>\n<\/div><\/div>\n<\/div><\/div>\n\n\n\n<div class=\"wp-block-cover alignfull\" style=\"min-height:352px;aspect-ratio:unset;\"><span aria-hidden=\"true\" class=\"wp-block-cover__background has-neve-link-hover-color-background-color has-background-dim\"><\/span><div class=\"wp-block-cover__inner-container is-layout-flow wp-block-cover-is-layout-flow\">\n<div style=\"height:30px\" aria-hidden=\"true\" class=\"wp-block-spacer\"><\/div>\n\n\n<div class=\"wp-block-image\">\n<figure class=\"alignleft size-medium is-resized\"><img loading=\"lazy\" decoding=\"async\" width=\"213\" height=\"300\" src=\"https:\/\/imoveproject.eu\/wp-content\/uploads\/2024\/06\/page-ressources-FR-213x300.png\" alt=\"\" class=\"wp-image-1835\" style=\"width:246px;height:auto\" srcset=\"https:\/\/imoveproject.eu\/wp-content\/uploads\/2024\/06\/page-ressources-FR-213x300.png 213w, https:\/\/imoveproject.eu\/wp-content\/uploads\/2024\/06\/page-ressources-FR.png 528w\" sizes=\"auto, (max-width: 213px) 100vw, 213px\" \/><\/figure>\n<\/div>\n\n\n<div class=\"wp-block-group\"><div class=\"wp-block-group__inner-container is-layout-flow wp-block-group-is-layout-flow\">\n<div class=\"wp-block-group has-nv-dark-bg-color has-text-color\"><div class=\"wp-block-group__inner-container is-layout-flow wp-block-group-is-layout-flow\">\n<div class=\"wp-block-group has-nv-site-bg-color has-text-color\"><div class=\"wp-block-group__inner-container is-layout-flow wp-block-group-is-layout-flow\">\n<div class=\"wp-block-group has-neve-link-color-color has-text-color\"><div class=\"wp-block-group__inner-container is-layout-flow wp-block-group-is-layout-flow\">\n<div class=\"wp-block-group has-nv-site-bg-color has-text-color\"><div class=\"wp-block-group__inner-container is-layout-flow wp-block-group-is-layout-flow\">\n<p><\/p>\n\n\n\n<h2 class=\"wp-block-heading has-text-align-right has-neve-link-color-color has-text-color has-large-font-size\">Ressources<br><\/h2>\n\n\n\n<div class=\"wp-block-columns is-layout-flex wp-container-core-columns-is-layout-9d6595d7 wp-block-columns-is-layout-flex\">\n<div class=\"wp-block-column is-layout-flow wp-block-column-is-layout-flow\">\n<p class=\"has-text-align-right has-neve-link-color-color has-text-color has-link-color wp-elements-af6e86bd34123045e7a4c57486503248\"><\/p>\n<\/div>\n\n\n\n<div class=\"wp-block-column is-vertically-aligned-stretch is-layout-flow wp-block-column-is-layout-flow\">\n<p class=\"has-text-align-right has-neve-link-color-color has-text-color has-link-color has-medium-font-size wp-elements-88821cf486eb33debb3c1d0640abd293\">Retrouvez ici les ressources <br>pr\u00e9sent\u00e9es dans les 3 livrables du projet.<\/p>\n\n\n\n<p class=\"has-text-align-right has-neve-link-color-color has-text-color has-link-color has-medium-font-size wp-elements-7038031647a4891543da4a4dab97d4b6\"><strong>Vous souhaitez t\u00e9l\u00e9charger les ressources utilis\u00e9es dans le projet I MOVE ?<\/strong><\/p>\n\n\n\n<p class=\"has-text-align-left has-neve-link-color-color has-text-color\"><\/p>\n\n\n\n<div class=\"wp-block-buttons is-content-justification-right is-layout-flex wp-container-core-buttons-is-layout-765c4724 wp-block-buttons-is-layout-flex\">\n<div class=\"wp-block-button has-custom-width wp-block-button__width-75 has-custom-font-size is-style-primary has-medium-font-size\"><a class=\"wp-block-button__link has-nv-site-bg-color has-neve-link-color-background-color has-text-color has-background has-link-color wp-element-button\" href=\"https:\/\/imoveproject.eu\/?page_id=1789&amp;lang=fr\" style=\"border-radius:100px\" target=\"_blank\" rel=\"noreferrer noopener\">C&rsquo;est par ici !<\/a><\/div>\n<\/div>\n<\/div>\n<\/div>\n<\/div><\/div>\n<\/div><\/div>\n<\/div><\/div>\n<\/div><\/div>\n<\/div><\/div>\n<\/div><\/div>\n","protected":false},"excerpt":{"rendered":"<p>3 principaux livrables sont accessibles dans 5 langues europ\u00e9ennes<\/p>\n","protected":false},"author":1,"featured_media":0,"parent":0,"menu_order":0,"comment_status":"closed","ping_status":"closed","template":"elementor_theme","meta":{"neve_meta_sidebar":"","neve_meta_container":"","neve_meta_enable_content_width":"on","neve_meta_content_width":100,"neve_meta_title_alignment":"","neve_meta_author_avatar":"","neve_post_elements_order":"","neve_meta_disable_header":"","neve_meta_disable_footer":"","neve_meta_disable_title":"on","footnotes":""},"class_list":["post-780","page","type-page","status-publish","hentry"],"_links":{"self":[{"href":"https:\/\/imoveproject.eu\/index.php?rest_route=\/wp\/v2\/pages\/780","targetHints":{"allow":["GET"]}}],"collection":[{"href":"https:\/\/imoveproject.eu\/index.php?rest_route=\/wp\/v2\/pages"}],"about":[{"href":"https:\/\/imoveproject.eu\/index.php?rest_route=\/wp\/v2\/types\/page"}],"author":[{"embeddable":true,"href":"https:\/\/imoveproject.eu\/index.php?rest_route=\/wp\/v2\/users\/1"}],"replies":[{"embeddable":true,"href":"https:\/\/imoveproject.eu\/index.php?rest_route=%2Fwp%2Fv2%2Fcomments&post=780"}],"version-history":[{"count":101,"href":"https:\/\/imoveproject.eu\/index.php?rest_route=\/wp\/v2\/pages\/780\/revisions"}],"predecessor-version":[{"id":2326,"href":"https:\/\/imoveproject.eu\/index.php?rest_route=\/wp\/v2\/pages\/780\/revisions\/2326"}],"wp:attachment":[{"href":"https:\/\/imoveproject.eu\/index.php?rest_route=%2Fwp%2Fv2%2Fmedia&parent=780"}],"curies":[{"name":"wp","href":"https:\/\/api.w.org\/{rel}","templated":true}]}}