{"id":782,"date":"2022-05-30T09:51:44","date_gmt":"2022-05-30T07:51:44","guid":{"rendered":"http:\/\/imoveproject.eu\/?page_id=782"},"modified":"2024-09-24T17:50:30","modified_gmt":"2024-09-24T15:50:30","slug":"publication-4","status":"publish","type":"page","link":"https:\/\/imoveproject.eu\/?page_id=782&lang=pt","title":{"rendered":"Publica\u00e7\u00f5es"},"content":{"rendered":"\n<div style=\"height:100px\" aria-hidden=\"true\" class=\"wp-block-spacer\"><\/div>\n\n\n\n<div class=\"wp-block-columns is-layout-flex wp-container-core-columns-is-layout-9d6595d7 wp-block-columns-is-layout-flex\">\n<div class=\"wp-block-column is-layout-flow wp-block-column-is-layout-flow\">\n<figure class=\"wp-block-image size-large\"><img loading=\"lazy\" decoding=\"async\" width=\"768\" height=\"1024\" src=\"http:\/\/imoveproject.eu\/wp-content\/uploads\/2023\/01\/20221013_103246-2-768x1024.jpg\" alt=\"\" class=\"wp-image-1054\" srcset=\"https:\/\/imoveproject.eu\/wp-content\/uploads\/2023\/01\/20221013_103246-2-768x1024.jpg 768w, https:\/\/imoveproject.eu\/wp-content\/uploads\/2023\/01\/20221013_103246-2-225x300.jpg 225w, https:\/\/imoveproject.eu\/wp-content\/uploads\/2023\/01\/20221013_103246-2-1152x1536.jpg 1152w, https:\/\/imoveproject.eu\/wp-content\/uploads\/2023\/01\/20221013_103246-2-1536x2048.jpg 1536w, https:\/\/imoveproject.eu\/wp-content\/uploads\/2023\/01\/20221013_103246-2-scaled.jpg 1920w\" sizes=\"auto, (max-width: 768px) 100vw, 768px\" \/><\/figure>\n<\/div>\n\n\n\n<div class=\"wp-block-column is-layout-flow wp-block-column-is-layout-flow\">\n<figure class=\"wp-block-image size-large\"><img loading=\"lazy\" decoding=\"async\" width=\"768\" height=\"1024\" src=\"http:\/\/imoveproject.eu\/wp-content\/uploads\/2023\/01\/20221012_112808-1-768x1024.jpg\" alt=\"\" class=\"wp-image-1056\" srcset=\"https:\/\/imoveproject.eu\/wp-content\/uploads\/2023\/01\/20221012_112808-1-768x1024.jpg 768w, https:\/\/imoveproject.eu\/wp-content\/uploads\/2023\/01\/20221012_112808-1-225x300.jpg 225w, https:\/\/imoveproject.eu\/wp-content\/uploads\/2023\/01\/20221012_112808-1-1152x1536.jpg 1152w, https:\/\/imoveproject.eu\/wp-content\/uploads\/2023\/01\/20221012_112808-1-1536x2048.jpg 1536w, https:\/\/imoveproject.eu\/wp-content\/uploads\/2023\/01\/20221012_112808-1-scaled.jpg 1920w\" sizes=\"auto, (max-width: 768px) 100vw, 768px\" \/><\/figure>\n<\/div>\n\n\n\n<div class=\"wp-block-column is-layout-flow wp-block-column-is-layout-flow\">\n<figure class=\"wp-block-image size-large\"><img loading=\"lazy\" decoding=\"async\" width=\"768\" height=\"1024\" src=\"http:\/\/imoveproject.eu\/wp-content\/uploads\/2023\/01\/20221012_124342-768x1024.jpg\" alt=\"\" class=\"wp-image-1057\" srcset=\"https:\/\/imoveproject.eu\/wp-content\/uploads\/2023\/01\/20221012_124342-768x1024.jpg 768w, https:\/\/imoveproject.eu\/wp-content\/uploads\/2023\/01\/20221012_124342-225x300.jpg 225w, https:\/\/imoveproject.eu\/wp-content\/uploads\/2023\/01\/20221012_124342-1152x1536.jpg 1152w, https:\/\/imoveproject.eu\/wp-content\/uploads\/2023\/01\/20221012_124342-1536x2048.jpg 1536w, https:\/\/imoveproject.eu\/wp-content\/uploads\/2023\/01\/20221012_124342-scaled.jpg 1920w\" sizes=\"auto, (max-width: 768px) 100vw, 768px\" \/><\/figure>\n<\/div>\n<\/div>\n\n\n\n<p><\/p>\n\n\n\n<p class=\"has-text-align-center has-neve-link-color-color has-text-color\" style=\"font-size:25px\"><strong>3 resultados principais est\u00e3o acess\u00edveis em 5 l\u00ednguas europeias<\/strong><\/p>\n\n\n\n<div style=\"height:100px\" aria-hidden=\"true\" class=\"wp-block-spacer\"><\/div>\n\n\n\n<p class=\"has-text-align-center has-neve-link-color-color has-text-color\"><\/p>\n\n\n\n<div class=\"wp-block-cover alignfull\" style=\"min-height:609px;aspect-ratio:unset;\"><span aria-hidden=\"true\" class=\"wp-block-cover__background has-nv-light-bg-background-color has-background-dim-100 has-background-dim\"><\/span><div class=\"wp-block-cover__inner-container is-layout-flow wp-block-cover-is-layout-flow\">\n<div class=\"wp-block-group\"><div class=\"wp-block-group__inner-container is-layout-flow wp-block-group-is-layout-flow\">\n<div class=\"wp-block-group has-nv-dark-bg-color has-text-color\"><div class=\"wp-block-group__inner-container is-layout-flow wp-block-group-is-layout-flow\">\n<div style=\"height:45px\" aria-hidden=\"true\" class=\"wp-block-spacer\"><\/div>\n\n\n\n<h2 class=\"wp-block-heading has-text-align-left has-neve-link-color-color has-text-color has-large-font-size\">\u201cScan tool\u201d educativo, de an\u00e1lise e de avalia\u00e7\u00e3o : KADEILOSCOPE <\/h2>\n\n\n\n<div class=\"wp-block-columns is-layout-flex wp-container-core-columns-is-layout-9d6595d7 wp-block-columns-is-layout-flex\">\n<div class=\"wp-block-column is-layout-flow wp-block-column-is-layout-flow\">\n<p class=\"has-neve-link-color-color has-text-color has-link-color has-medium-font-size wp-elements-b84c1ae5caf2931b7a8bcb983dfcdda6\" style=\"font-style:normal;font-weight:600\">KADEILOSCOPE : Ferramenta de an\u00e1lise e avalia\u00e7\u00e3o de projectos culturais em mat\u00e9ria de acessibilidade, diversidade, equidade e inclus\u00e3o<\/p>\n<\/div>\n<\/div>\n\n\n\n<div class=\"wp-block-columns is-layout-flex wp-container-core-columns-is-layout-9d6595d7 wp-block-columns-is-layout-flex\">\n<div class=\"wp-block-column is-layout-flow wp-block-column-is-layout-flow\">\n<p class=\"has-text-align-left has-neve-link-color-color has-text-color has-medium-font-size\"><strong>An\u00e1lise<\/strong><\/p>\n\n\n\n<p class=\"has-text-align-left has-neve-link-color-color has-text-color has-medium-font-size\">Ajudar os\/as profissionais a revelar quest\u00f5es de DAEI e dificuldades previs\u00edveis &nbsp;para diferentes tipos de p\u00fablicos, e antecipar os ajustamentos necess\u00e1rios nas atividades culturais<\/p>\n<\/div>\n\n\n\n<div class=\"wp-block-column is-layout-flow wp-block-column-is-layout-flow\">\n<p class=\"has-text-align-left has-neve-link-color-color has-text-color has-medium-font-size\"><strong>Avalia\u00e7\u00e3o<\/strong><\/p>\n\n\n\n<p class=\"has-text-align-left has-neve-link-color-color has-text-color has-medium-font-size\">Ajudar a conceber uma grelha de avalia\u00e7\u00e3o simples, para orientar a auto-avalia\u00e7\u00e3o interna (sobre os sucessos, fracassos e \u00e1reas de melhoria do DAEI), proporcionando uma forma sustent\u00e1vel de aprendizagem.<\/p>\n<\/div>\n\n\n\n<div class=\"wp-block-column is-layout-flow wp-block-column-is-layout-flow\">\n<p class=\"has-text-align-left has-neve-link-color-color has-text-color has-medium-font-size\"><strong>Educa\u00e7\u00e3o e forma\u00e7\u00e3o<\/strong><\/p>\n\n\n\n<p class=\"has-text-align-left has-neve-link-color-color has-text-color has-medium-font-size\">Ajudar a requalifica\u00e7\u00e3o de equipas com a sua abordagem reflexiva e respetivas informa\u00e7\u00e3oes e refer\u00eancias anexas<\/p>\n<\/div>\n<\/div>\n<\/div><\/div>\n<\/div><\/div>\n\n\n<div class=\"wp-block-image\">\n<figure class=\"alignright size-large is-resized\"><img loading=\"lazy\" decoding=\"async\" width=\"1024\" height=\"686\" src=\"https:\/\/imoveproject.eu\/wp-content\/uploads\/2024\/09\/KAD-PT-1024x686.png\" alt=\"\" class=\"wp-image-2228\" style=\"width:410px;height:auto\" srcset=\"https:\/\/imoveproject.eu\/wp-content\/uploads\/2024\/09\/KAD-PT-1024x686.png 1024w, https:\/\/imoveproject.eu\/wp-content\/uploads\/2024\/09\/KAD-PT-300x201.png 300w, https:\/\/imoveproject.eu\/wp-content\/uploads\/2024\/09\/KAD-PT-768x514.png 768w, https:\/\/imoveproject.eu\/wp-content\/uploads\/2024\/09\/KAD-PT.png 1305w\" sizes=\"auto, (max-width: 1024px) 100vw, 1024px\" \/><\/figure>\n<\/div>\n\n\n<p class=\"has-neve-link-color-color has-text-color has-link-color has-medium-font-size wp-elements-ce3a6325a836770cfa54e7f64d0a5420\" style=\"font-style:normal;font-weight:600\">Deseja descarregar a vers\u00e3o .pdf <br>da ferramenta KADEILOSCOPE?<\/p>\n\n\n\n<div class=\"wp-block-buttons is-layout-flex wp-block-buttons-is-layout-flex\">\n<div class=\"wp-block-button has-custom-width wp-block-button__width-25 has-custom-font-size has-medium-font-size\"><a class=\"wp-block-button__link has-nv-site-bg-color has-neve-link-color-background-color has-text-color has-background has-link-color wp-element-button\" href=\"https:\/\/forms.gle\/i3WX6bdjXeSkUqSF8\" style=\"border-radius:100px\" target=\"_blank\" rel=\"noreferrer noopener\">Clique aqui<\/a><\/div>\n<\/div>\n\n\n\n<div style=\"height:34px\" aria-hidden=\"true\" class=\"wp-block-spacer\"><\/div>\n<\/div><\/div>\n\n\n\n<div class=\"wp-block-cover alignfull\" style=\"min-height:352px;aspect-ratio:unset;\"><span aria-hidden=\"true\" class=\"wp-block-cover__background has-neve-link-hover-color-background-color has-background-dim\"><\/span><div class=\"wp-block-cover__inner-container is-layout-flow wp-block-cover-is-layout-flow\">\n<div class=\"wp-block-group\"><div class=\"wp-block-group__inner-container is-layout-flow wp-block-group-is-layout-flow\">\n<div class=\"wp-block-group has-nv-dark-bg-color has-text-color\"><div class=\"wp-block-group__inner-container is-layout-flow wp-block-group-is-layout-flow\">\n<div class=\"wp-block-group has-nv-site-bg-color has-text-color\"><div class=\"wp-block-group__inner-container is-layout-flow wp-block-group-is-layout-flow\">\n<div class=\"wp-block-group has-neve-link-color-color has-text-color\"><div class=\"wp-block-group__inner-container is-layout-flow wp-block-group-is-layout-flow\">\n<div class=\"wp-block-group has-nv-site-bg-color has-text-color\"><div class=\"wp-block-group__inner-container is-layout-flow wp-block-group-is-layout-flow\">\n<h2 class=\"wp-block-heading has-text-align-right has-neve-link-color-color has-text-color has-large-font-size\"><br>Toolkit para forma\u00e7\u00e3o<\/h2>\n\n\n\n<div class=\"wp-block-columns is-layout-flex wp-container-core-columns-is-layout-9d6595d7 wp-block-columns-is-layout-flex\">\n<div class=\"wp-block-column is-layout-flow wp-block-column-is-layout-flow\">\n<p class=\"has-neve-link-color-color has-text-color has-link-color wp-elements-29b9c8f01fbe4bcd0ffc60c9498c7141\"><\/p>\n\n\n\n<figure class=\"wp-block-image size-large is-resized\"><img loading=\"lazy\" decoding=\"async\" width=\"1024\" height=\"541\" src=\"https:\/\/imoveproject.eu\/wp-content\/uploads\/2024\/09\/kit-formation-PT-1024x541.png\" alt=\"\" class=\"wp-image-2242\" style=\"width:501px;height:auto\" srcset=\"https:\/\/imoveproject.eu\/wp-content\/uploads\/2024\/09\/kit-formation-PT-1024x541.png 1024w, https:\/\/imoveproject.eu\/wp-content\/uploads\/2024\/09\/kit-formation-PT-300x159.png 300w, https:\/\/imoveproject.eu\/wp-content\/uploads\/2024\/09\/kit-formation-PT-768x406.png 768w, https:\/\/imoveproject.eu\/wp-content\/uploads\/2024\/09\/kit-formation-PT.png 1392w\" sizes=\"auto, (max-width: 1024px) 100vw, 1024px\" \/><\/figure>\n<\/div>\n\n\n\n<div class=\"wp-block-column is-layout-flow wp-block-column-is-layout-flow\">\n<p class=\"has-text-align-right has-neve-link-color-color has-text-color has-medium-font-size\">Cria\u00e7\u00e3o de um m\u00f3dulo de forma\u00e7\u00e3o de sensibiliza\u00e7\u00e3o divertido sobre os temas da acessibilidade, diversidade, equidade e inclus\u00e3o para formar o pessoal<br>das organiza\u00e7\u00f5es culturais.<br><br>Ligado ao KADEILOSCOPE, este m\u00f3dulo \u00e9 simultaneamente uma transmiss\u00e3o da metodologia de autoavalia\u00e7\u00e3o e um workshop de sensibiliza\u00e7\u00e3o.<\/p>\n\n\n\n<p class=\"has-text-align-right has-neve-link-color-color has-text-color has-medium-font-size\" style=\"font-style:normal;font-weight:600\">Gostaria de descarregar<br>o kit de forma\u00e7\u00e3o?<\/p>\n\n\n\n<p class=\"has-text-align-right has-neve-link-color-color has-text-color has-medium-font-size\"><\/p>\n\n\n\n<div class=\"wp-block-buttons is-content-justification-right is-layout-flex wp-container-core-buttons-is-layout-765c4724 wp-block-buttons-is-layout-flex\">\n<div class=\"wp-block-button has-custom-width wp-block-button__width-50 has-custom-font-size has-medium-font-size\"><a class=\"wp-block-button__link has-nv-site-bg-color has-neve-link-color-background-color has-text-color has-background has-link-color wp-element-button\" href=\"https:\/\/forms.gle\/2UwdfFopjNZ24j19A\" style=\"border-radius:100px\" target=\"_blank\" rel=\"noreferrer noopener\">Clique aqui<\/a><\/div>\n<\/div>\n<\/div>\n<\/div>\n<\/div><\/div>\n<\/div><\/div>\n<\/div><\/div>\n<\/div><\/div>\n<\/div><\/div>\n<\/div><\/div>\n\n\n\n<div class=\"wp-block-cover alignfull\" style=\"min-height:439px;aspect-ratio:unset;\"><span aria-hidden=\"true\" class=\"wp-block-cover__background has-nv-light-bg-background-color has-background-dim-100 has-background-dim\"><\/span><div class=\"wp-block-cover__inner-container is-layout-flow wp-block-cover-is-layout-flow\">\n<div class=\"wp-block-group has-neve-link-color-color has-text-color\"><div class=\"wp-block-group__inner-container is-layout-flow wp-block-group-is-layout-flow\">\n<h2 class=\"wp-block-heading has-text-align-left has-large-font-size\"><br>Livro Branco<\/h2>\n\n\n\n<div class=\"wp-block-columns is-layout-flex wp-container-core-columns-is-layout-9d6595d7 wp-block-columns-is-layout-flex\">\n<div class=\"wp-block-column is-layout-flow wp-block-column-is-layout-flow\">\n<p class=\"has-text-align-left has-medium-font-size\">O Livro Branco \u00e9 um documento conciso e visual que pode ser r\u00e1pida e facilmente compreendido por organiza\u00e7\u00f5es culturais, decisores e respons\u00e1veis pol\u00edticos.<\/p>\n\n\n\n<p class=\"has-medium-font-size\">O Livro Branco existe numa <strong>vers\u00e3o gr\u00e1fica<\/strong> (um cartaz A3 de dupla face) e numa <strong>vers\u00e3o de texto<\/strong> (um documento de cerca de 20 p\u00e1ginas).<\/p>\n\n\n\n<p class=\"has-medium-font-size\">O objetivo \u00e9 refor\u00e7ar a distribui\u00e7\u00e3o do KADEILOSCOPE<br>e do m\u00f3dulo de forma\u00e7\u00e3o, e defender as quest\u00f5es da Acessibilidade, Diversidade, Equidade e Inclus\u00e3o nas redes culturais a n\u00edvel institucional, junto dos decisores e respons\u00e1veis pol\u00edticos.<\/p>\n\n\n\n<p class=\"has-medium-font-size\"><strong>Gostaria de descarregar o cartaz ou o documento de texto <\/strong><br><strong>APELO \u00c0 AC\u00c7\u00c3O?<\/strong><\/p>\n\n\n\n<div class=\"wp-block-buttons is-layout-flex wp-block-buttons-is-layout-flex\">\n<div class=\"wp-block-button has-custom-width wp-block-button__width-50 has-custom-font-size has-medium-font-size\"><a class=\"wp-block-button__link has-nv-site-bg-color has-neve-link-color-background-color has-text-color has-background has-link-color wp-element-button\" href=\"https:\/\/forms.gle\/QjuiGqRaQDn4TQZR8\" style=\"border-radius:100px\" target=\"_blank\" rel=\"noreferrer noopener\">Clique aqui<\/a><\/div>\n<\/div>\n<\/div>\n\n\n\n<div class=\"wp-block-column is-layout-flow wp-block-column-is-layout-flow\"><div class=\"wp-block-image\">\n<figure class=\"alignright size-full\"><img loading=\"lazy\" decoding=\"async\" width=\"319\" height=\"455\" src=\"https:\/\/imoveproject.eu\/wp-content\/uploads\/2024\/09\/callforaction_PT.png\" alt=\"\" class=\"wp-image-2251\" srcset=\"https:\/\/imoveproject.eu\/wp-content\/uploads\/2024\/09\/callforaction_PT.png 319w, https:\/\/imoveproject.eu\/wp-content\/uploads\/2024\/09\/callforaction_PT-210x300.png 210w\" sizes=\"auto, (max-width: 319px) 100vw, 319px\" \/><\/figure>\n<\/div><\/div>\n<\/div>\n<\/div><\/div>\n\n\n\n<div class=\"wp-block-group\"><div class=\"wp-block-group__inner-container is-layout-flow wp-block-group-is-layout-flow\">\n<div class=\"wp-block-group has-nv-dark-bg-color has-text-color\"><div class=\"wp-block-group__inner-container is-layout-flow wp-block-group-is-layout-flow\"><\/div><\/div>\n<\/div><\/div>\n<\/div><\/div>\n\n\n\n<div class=\"wp-block-cover alignfull\" style=\"min-height:352px;aspect-ratio:unset;\"><span aria-hidden=\"true\" class=\"wp-block-cover__background has-neve-link-hover-color-background-color has-background-dim\"><\/span><div class=\"wp-block-cover__inner-container is-layout-flow wp-block-cover-is-layout-flow\"><div class=\"wp-block-image\">\n<figure class=\"alignleft size-medium is-resized\"><img loading=\"lazy\" decoding=\"async\" width=\"210\" height=\"300\" src=\"https:\/\/imoveproject.eu\/wp-content\/uploads\/2024\/09\/page-resources-1-210x300.png\" alt=\"\" class=\"wp-image-2254\" style=\"width:288px;height:auto\" srcset=\"https:\/\/imoveproject.eu\/wp-content\/uploads\/2024\/09\/page-resources-1-210x300.png 210w, https:\/\/imoveproject.eu\/wp-content\/uploads\/2024\/09\/page-resources-1.png 524w\" sizes=\"auto, (max-width: 210px) 100vw, 210px\" \/><\/figure>\n<\/div>\n\n\n<div class=\"wp-block-group\"><div class=\"wp-block-group__inner-container is-layout-flow wp-block-group-is-layout-flow\">\n<div class=\"wp-block-group has-nv-dark-bg-color has-text-color\"><div class=\"wp-block-group__inner-container is-layout-flow wp-block-group-is-layout-flow\">\n<div class=\"wp-block-group has-nv-site-bg-color has-text-color\"><div class=\"wp-block-group__inner-container is-layout-flow wp-block-group-is-layout-flow\">\n<div class=\"wp-block-group has-neve-link-color-color has-text-color\"><div class=\"wp-block-group__inner-container is-layout-flow wp-block-group-is-layout-flow\">\n<div class=\"wp-block-group has-nv-site-bg-color has-text-color\"><div class=\"wp-block-group__inner-container is-layout-flow wp-block-group-is-layout-flow\">\n<p><\/p>\n\n\n\n<h2 class=\"wp-block-heading has-text-align-right has-neve-link-color-color has-text-color has-large-font-size\">Recursos<br><\/h2>\n\n\n\n<div class=\"wp-block-columns is-layout-flex wp-container-core-columns-is-layout-9d6595d7 wp-block-columns-is-layout-flex\">\n<div class=\"wp-block-column is-layout-flow wp-block-column-is-layout-flow\">\n<p class=\"has-text-align-right has-neve-link-color-color has-text-color has-link-color wp-elements-af6e86bd34123045e7a4c57486503248\"><\/p>\n<\/div>\n\n\n\n<div class=\"wp-block-column is-vertically-aligned-stretch is-layout-flow wp-block-column-is-layout-flow\">\n<p class=\"has-text-align-right has-neve-link-color-color has-text-color has-link-color has-medium-font-size wp-elements-dc7eeffb7504f020f2522cf9022f1159\">Encontre aqui os recursos<br>apresentados <br>nos 3 resultados do projeto.<\/p>\n\n\n\n<p class=\"has-text-align-right has-neve-link-color-color has-text-color has-link-color has-medium-font-size wp-elements-5c51a0d6c39c3b7e56992ffe314344c9\"><strong>Gostaria de descarregar os recursos utilizados no projeto I MOVE ? <\/strong><\/p>\n\n\n\n<p class=\"has-text-align-left has-neve-link-color-color has-text-color\"><\/p>\n\n\n\n<div class=\"wp-block-buttons is-content-justification-right is-layout-flex wp-container-core-buttons-is-layout-765c4724 wp-block-buttons-is-layout-flex\">\n<div class=\"wp-block-button has-custom-width wp-block-button__width-75 has-custom-font-size is-style-primary has-medium-font-size\"><a class=\"wp-block-button__link has-nv-site-bg-color has-neve-link-color-background-color has-text-color has-background has-link-color wp-element-button\" href=\"https:\/\/imoveproject.eu\/?page_id=1787\" style=\"border-radius:100px\" target=\"_blank\" rel=\"noreferrer noopener\">Clique aqui<\/a><\/div>\n<\/div>\n<\/div>\n<\/div>\n<\/div><\/div>\n<\/div><\/div>\n<\/div><\/div>\n<\/div><\/div>\n<\/div><\/div>\n<\/div><\/div>\n","protected":false},"excerpt":{"rendered":"<p>3 resultados principais est\u00e3o acess\u00edveis em 5 l\u00ednguas europeias<\/p>\n","protected":false},"author":1,"featured_media":0,"parent":0,"menu_order":0,"comment_status":"closed","ping_status":"closed","template":"elementor_theme","meta":{"neve_meta_sidebar":"","neve_meta_container":"","neve_meta_enable_content_width":"on","neve_meta_content_width":100,"neve_meta_title_alignment":"","neve_meta_author_avatar":"","neve_post_elements_order":"","neve_meta_disable_header":"","neve_meta_disable_footer":"","neve_meta_disable_title":"on","footnotes":""},"class_list":["post-782","page","type-page","status-publish","hentry"],"_links":{"self":[{"href":"https:\/\/imoveproject.eu\/index.php?rest_route=\/wp\/v2\/pages\/782","targetHints":{"allow":["GET"]}}],"collection":[{"href":"https:\/\/imoveproject.eu\/index.php?rest_route=\/wp\/v2\/pages"}],"about":[{"href":"https:\/\/imoveproject.eu\/index.php?rest_route=\/wp\/v2\/types\/page"}],"author":[{"embeddable":true,"href":"https:\/\/imoveproject.eu\/index.php?rest_route=\/wp\/v2\/users\/1"}],"replies":[{"embeddable":true,"href":"https:\/\/imoveproject.eu\/index.php?rest_route=%2Fwp%2Fv2%2Fcomments&post=782"}],"version-history":[{"count":47,"href":"https:\/\/imoveproject.eu\/index.php?rest_route=\/wp\/v2\/pages\/782\/revisions"}],"predecessor-version":[{"id":2330,"href":"https:\/\/imoveproject.eu\/index.php?rest_route=\/wp\/v2\/pages\/782\/revisions\/2330"}],"wp:attachment":[{"href":"https:\/\/imoveproject.eu\/index.php?rest_route=%2Fwp%2Fv2%2Fmedia&parent=782"}],"curies":[{"name":"wp","href":"https:\/\/api.w.org\/{rel}","templated":true}]}}